{"id":15444,"date":"2025-09-29T20:38:50","date_gmt":"2025-09-29T18:38:50","guid":{"rendered":"https:\/\/www2.mediclinics.com\/product\/dispensador-de-jabon-liquido-empotrable-encimera\/"},"modified":"2026-01-09T06:10:39","modified_gmt":"2026-01-09T05:10:39","slug":"dispensador-jabon-liquido-empotrable-encimera","status":"publish","type":"product","link":"https:\/\/www.mediclinics.com\/es-la\/dispensadores-jabon\/manual\/dispensador-jabon-liquido-empotrable-encimera\/","title":{"rendered":"Dispensador de jab\u00f3n l\u00edquido empotrable encimera"},"content":{"rendered":"<p>Dispensador de jab\u00f3n l\u00edquido tipo encastrado de accionamiento manual por pulsador.<\/p>\n<p>\u2022 Dispensa jab\u00f3n l\u00edquido o geles hidroalcoh\u00f3licos.<br \/>\n\u2022 Se recomienda usar jab\u00f3n l\u00edquido o gel desinfectante con hasta 80% de alcohol.<br \/>\n\u2022 Densidad entre 0,9 y 1,35 kg\/dm\u00b3; viscosidad no especificada (falt\u00f3 el dato completo).tre 500 y 2.500 cps.<\/p>\n","protected":false},"excerpt":{"rendered":"<p>Dispensador de jab\u00f3n l\u00edquido encastrado manual<\/p>\n","protected":false},"featured_media":15445,"comment_status":"closed","ping_status":"closed","template":"","meta":{"_acf_changed":false},"coleccion":[],"product_brand":[],"product_cat":[869,870],"product_tag":[871],"class_list":{"0":"post-15444","1":"product","2":"type-product","3":"status-publish","4":"has-post-thumbnail","6":"mercado-internacional","7":"product_cat-dispensadores-jabon","8":"product_cat-manual","9":"product_tag-minus1l","10":"mediclinics-boxed-content","12":"first","13":"instock","14":"product-type-simple"},"acf":[],"_links":{"self":[{"href":"https:\/\/www.mediclinics.com\/es-la\/wp-json\/wp\/v2\/product\/15444","targetHints":{"allow":["GET"]}}],"collection":[{"href":"https:\/\/www.mediclinics.com\/es-la\/wp-json\/wp\/v2\/product"}],"about":[{"href":"https:\/\/www.mediclinics.com\/es-la\/wp-json\/wp\/v2\/types\/product"}],"replies":[{"embeddable":true,"href":"https:\/\/www.mediclinics.com\/es-la\/wp-json\/wp\/v2\/comments?post=15444"}],"wp:featuredmedia":[{"embeddable":true,"href":"https:\/\/www.mediclinics.com\/es-la\/wp-json\/wp\/v2\/media\/15445"}],"wp:attachment":[{"href":"https:\/\/www.mediclinics.com\/es-la\/wp-json\/wp\/v2\/media?parent=15444"}],"wp:term":[{"taxonomy":"coleccion","embeddable":true,"href":"https:\/\/www.mediclinics.com\/es-la\/wp-json\/wp\/v2\/coleccion?post=15444"},{"taxonomy":"product_brand","embeddable":true,"href":"https:\/\/www.mediclinics.com\/es-la\/wp-json\/wp\/v2\/product_brand?post=15444"},{"taxonomy":"product_cat","embeddable":true,"href":"https:\/\/www.mediclinics.com\/es-la\/wp-json\/wp\/v2\/product_cat?post=15444"},{"taxonomy":"product_tag","embeddable":true,"href":"https:\/\/www.mediclinics.com\/es-la\/wp-json\/wp\/v2\/product_tag?post=15444"}],"curies":[{"name":"wp","href":"https:\/\/api.w.org\/{rel}","templated":true}]}}