{"id":15449,"date":"2025-09-29T20:38:41","date_gmt":"2025-09-29T18:38:41","guid":{"rendered":"https:\/\/www2.mediclinics.com\/product\/dispensador-de-jabon-liquido-manual-3\/"},"modified":"2026-03-27T10:24:20","modified_gmt":"2026-03-27T09:24:20","slug":"dispensador-jabon-liquido-manual-3","status":"publish","type":"product","link":"https:\/\/www.mediclinics.com\/es-la\/dispensadores-jabon\/manual\/dispensador-jabon-liquido-manual-3\/","title":{"rendered":"Dispensador de jab\u00f3n liquido manual"},"content":{"rendered":"<p>Dispensador de jab\u00f3n l\u00edquido, horizontal, para adosar en pared.<\/p>\n<p>\u2022 Accionado por pulsador.<br \/>\n\u2022 Adecuado para ba\u00f1os p\u00fablicos de elevada frecuencia de paso.<br \/>\n\u2022 Dispensa jab\u00f3n l\u00edquido o geles hidroalcoh\u00f3licos.<br \/>\n\u2022 Se recomienda utilizar jab\u00f3n l\u00edquido o desinfectante para manos en forma de gel con las siguientes caracter\u00edsticas:<br \/>\n&#8211; Contenido m\u00e1ximo de alcohol del 80%<br \/>\n&#8211; Densidad entre 0,9 y 1,35 kg\/dm3<br \/>\n&#8211; Viscosidad entre 500 y 2.500 cps<\/p>\n","protected":false},"excerpt":{"rendered":"<p>Dispensador de jab\u00f3n l\u00edquido de pulsador de 1,1 L<\/p>\n","protected":false},"featured_media":15450,"comment_status":"closed","ping_status":"closed","template":"","meta":{"_acf_changed":false},"coleccion":[],"product_brand":[],"product_cat":[869,870],"product_tag":[872],"class_list":{"0":"post-15449","1":"product","2":"type-product","3":"status-publish","4":"has-post-thumbnail","6":"mercado-internacional","7":"product_cat-dispensadores-jabon","8":"product_cat-manual","9":"product_tag-1l","10":"mediclinics-boxed-content","12":"first","13":"instock","14":"product-type-variable"},"acf":[],"_links":{"self":[{"href":"https:\/\/www.mediclinics.com\/es-la\/wp-json\/wp\/v2\/product\/15449","targetHints":{"allow":["GET"]}}],"collection":[{"href":"https:\/\/www.mediclinics.com\/es-la\/wp-json\/wp\/v2\/product"}],"about":[{"href":"https:\/\/www.mediclinics.com\/es-la\/wp-json\/wp\/v2\/types\/product"}],"replies":[{"embeddable":true,"href":"https:\/\/www.mediclinics.com\/es-la\/wp-json\/wp\/v2\/comments?post=15449"}],"wp:featuredmedia":[{"embeddable":true,"href":"https:\/\/www.mediclinics.com\/es-la\/wp-json\/wp\/v2\/media\/15450"}],"wp:attachment":[{"href":"https:\/\/www.mediclinics.com\/es-la\/wp-json\/wp\/v2\/media?parent=15449"}],"wp:term":[{"taxonomy":"coleccion","embeddable":true,"href":"https:\/\/www.mediclinics.com\/es-la\/wp-json\/wp\/v2\/coleccion?post=15449"},{"taxonomy":"product_brand","embeddable":true,"href":"https:\/\/www.mediclinics.com\/es-la\/wp-json\/wp\/v2\/product_brand?post=15449"},{"taxonomy":"product_cat","embeddable":true,"href":"https:\/\/www.mediclinics.com\/es-la\/wp-json\/wp\/v2\/product_cat?post=15449"},{"taxonomy":"product_tag","embeddable":true,"href":"https:\/\/www.mediclinics.com\/es-la\/wp-json\/wp\/v2\/product_tag?post=15449"}],"curies":[{"name":"wp","href":"https:\/\/api.w.org\/{rel}","templated":true}]}}