{"id":15461,"date":"2025-09-29T20:38:41","date_gmt":"2025-09-29T18:38:41","guid":{"rendered":"https:\/\/www2.mediclinics.com\/product\/dispensador-de-jabon-liquido-manual-7\/"},"modified":"2026-02-24T13:31:20","modified_gmt":"2026-02-24T12:31:20","slug":"dispensador-jabon-liquido-manual-7","status":"publish","type":"product","link":"https:\/\/www.mediclinics.com\/es-la\/dispensadores-jabon\/manual\/dispensador-jabon-liquido-manual-7\/","title":{"rendered":"Dispensador de jab\u00f3n liquido manual"},"content":{"rendered":"<p>Dispensador de jab\u00f3n l\u00edquido para instalar directamente en la pared y de accionamiento manual a trav\u00e9s de un pulsador.<\/p>\n<p>\u2022 De 1,1 L de capacidad, fabricado en termo-pl\u00e1stico SAN (estireno acrilonitrilo) y ABS<br \/>\n\u2022 Dispensa jab\u00f3n l\u00edquido o geles hidroalcoh\u00f3licos.<br \/>\n\u2022 Se recomienda jab\u00f3n l\u00edquido o gel desinfectante con hasta 80% alcohol, densidad 0,9\u20131,35 kg\/dm\u00b3 y viscosidad 500\u20132.500 cps.<\/p>\n","protected":false},"excerpt":{"rendered":"<p>Dispensador de jab\u00f3n l\u00edquido de accionamiento manual a trav\u00e9s de un pulsador.de 1,1 L de capacidad<\/p>\n","protected":false},"featured_media":15462,"comment_status":"closed","ping_status":"closed","template":"","meta":{"_acf_changed":false},"coleccion":[],"product_brand":[],"product_cat":[869,870],"product_tag":[872],"class_list":{"0":"post-15461","1":"product","2":"type-product","3":"status-publish","4":"has-post-thumbnail","6":"mercado-internacional","7":"product_cat-dispensadores-jabon","8":"product_cat-manual","9":"product_tag-1l","10":"mediclinics-boxed-content","12":"first","13":"instock","14":"product-type-simple"},"acf":[],"_links":{"self":[{"href":"https:\/\/www.mediclinics.com\/es-la\/wp-json\/wp\/v2\/product\/15461","targetHints":{"allow":["GET"]}}],"collection":[{"href":"https:\/\/www.mediclinics.com\/es-la\/wp-json\/wp\/v2\/product"}],"about":[{"href":"https:\/\/www.mediclinics.com\/es-la\/wp-json\/wp\/v2\/types\/product"}],"replies":[{"embeddable":true,"href":"https:\/\/www.mediclinics.com\/es-la\/wp-json\/wp\/v2\/comments?post=15461"}],"wp:featuredmedia":[{"embeddable":true,"href":"https:\/\/www.mediclinics.com\/es-la\/wp-json\/wp\/v2\/media\/15462"}],"wp:attachment":[{"href":"https:\/\/www.mediclinics.com\/es-la\/wp-json\/wp\/v2\/media?parent=15461"}],"wp:term":[{"taxonomy":"coleccion","embeddable":true,"href":"https:\/\/www.mediclinics.com\/es-la\/wp-json\/wp\/v2\/coleccion?post=15461"},{"taxonomy":"product_brand","embeddable":true,"href":"https:\/\/www.mediclinics.com\/es-la\/wp-json\/wp\/v2\/product_brand?post=15461"},{"taxonomy":"product_cat","embeddable":true,"href":"https:\/\/www.mediclinics.com\/es-la\/wp-json\/wp\/v2\/product_cat?post=15461"},{"taxonomy":"product_tag","embeddable":true,"href":"https:\/\/www.mediclinics.com\/es-la\/wp-json\/wp\/v2\/product_tag?post=15461"}],"curies":[{"name":"wp","href":"https:\/\/api.w.org\/{rel}","templated":true}]}}