{"id":15478,"date":"2025-09-29T20:38:32","date_gmt":"2025-09-29T18:38:32","guid":{"rendered":"https:\/\/www2.mediclinics.com\/product\/dispensador-de-jabon-liquido-automatico-4\/"},"modified":"2026-03-16T09:41:34","modified_gmt":"2026-03-16T08:41:34","slug":"dispensador-jabon-liquido-automatico-4","status":"publish","type":"product","link":"https:\/\/www.mediclinics.com\/es-la\/dispensadores-jabon\/automatico\/dispensador-jabon-liquido-automatico-4\/","title":{"rendered":"Dispensador de jab\u00f3n l\u00edquido autom\u00e1tico"},"content":{"rendered":"<p>Dosificador de jab\u00f3n autom\u00e1tico, de 1,6 L de capacidad, para ser empotrado en la encimera del lavabo.<\/p>\n<p>\u2022 Tiene un dise\u00f1o funcional, compacto, robusto y moderno.<br \/>\n\u2022 Se recomienda utilizar jab\u00f3n l\u00edquido o jab\u00f3n desinfectante en forma de gel con las siguientes caracter\u00edsticas: Contenido m\u00e1ximo de alcohol del 80%, Densidad entre 0,9 y 1,35 kg\/dm3<br \/>\nviscosidad entre 2.000 y 3.500 cps.<br \/>\n\u2022 No admite jabones que contengan metanol, cloro y tampoco part\u00edculas s\u00f3lidas o abrasivos.<\/p>\n","protected":false},"excerpt":{"rendered":"<p>Dosificador de jab\u00f3n autom\u00e1tico de 1,6 L<\/p>\n","protected":false},"featured_media":15479,"comment_status":"closed","ping_status":"closed","template":"","meta":{"_acf_changed":false},"coleccion":[],"product_brand":[],"product_cat":[869,874],"product_tag":[873],"class_list":{"0":"post-15478","1":"product","2":"type-product","3":"status-publish","4":"has-post-thumbnail","6":"mercado-internacional","7":"product_cat-dispensadores-jabon","8":"product_cat-automatico","9":"product_tag-plus1l","10":"mediclinics-boxed-content","12":"first","13":"instock","14":"product-type-simple"},"acf":[],"_links":{"self":[{"href":"https:\/\/www.mediclinics.com\/es-la\/wp-json\/wp\/v2\/product\/15478","targetHints":{"allow":["GET"]}}],"collection":[{"href":"https:\/\/www.mediclinics.com\/es-la\/wp-json\/wp\/v2\/product"}],"about":[{"href":"https:\/\/www.mediclinics.com\/es-la\/wp-json\/wp\/v2\/types\/product"}],"replies":[{"embeddable":true,"href":"https:\/\/www.mediclinics.com\/es-la\/wp-json\/wp\/v2\/comments?post=15478"}],"wp:featuredmedia":[{"embeddable":true,"href":"https:\/\/www.mediclinics.com\/es-la\/wp-json\/wp\/v2\/media\/15479"}],"wp:attachment":[{"href":"https:\/\/www.mediclinics.com\/es-la\/wp-json\/wp\/v2\/media?parent=15478"}],"wp:term":[{"taxonomy":"coleccion","embeddable":true,"href":"https:\/\/www.mediclinics.com\/es-la\/wp-json\/wp\/v2\/coleccion?post=15478"},{"taxonomy":"product_brand","embeddable":true,"href":"https:\/\/www.mediclinics.com\/es-la\/wp-json\/wp\/v2\/product_brand?post=15478"},{"taxonomy":"product_cat","embeddable":true,"href":"https:\/\/www.mediclinics.com\/es-la\/wp-json\/wp\/v2\/product_cat?post=15478"},{"taxonomy":"product_tag","embeddable":true,"href":"https:\/\/www.mediclinics.com\/es-la\/wp-json\/wp\/v2\/product_tag?post=15478"}],"curies":[{"name":"wp","href":"https:\/\/api.w.org\/{rel}","templated":true}]}}