{"id":15480,"date":"2025-09-29T20:38:32","date_gmt":"2025-09-29T18:38:32","guid":{"rendered":"https:\/\/www2.mediclinics.com\/product\/dispensador-de-jabon-liquido-manual\/"},"modified":"2026-03-27T09:40:56","modified_gmt":"2026-03-27T08:40:56","slug":"dispensador-jabon-liquido-manual","status":"publish","type":"product","link":"https:\/\/www.mediclinics.com\/es-la\/dispensadores-jabon\/manual\/dispensador-jabon-liquido-manual\/","title":{"rendered":"Dispensador de jab\u00f3n l\u00edquido manual"},"content":{"rendered":"<p>Dosificador de jab\u00f3n l\u00edquido de 1,5 L de capacidad, fabricado en acero inoxidable AISI 304<\/p>\n<p>\u2022 V\u00e1lido para instalaciones de tr\u00e1fico elevado y para uso p\u00fablico.<br \/>\n\u2022 Dispensa jabones l\u00edquidos o geles hidro-alcoh\u00f3licos.<br \/>\n\u2022 Se recomienda utilizar jab\u00f3n l\u00edquido o jab\u00f3n desinfectante en forma de gel con las siguientes caracter\u00edsticas: Contenido m\u00e1ximo de alcohol del 80%, Densidad entre 0,9 y 1,35 kg\/dm3 y<br \/>\nviscosidad m\u00e1xima de 3.000 cps.<\/p>\n","protected":false},"excerpt":{"rendered":"<p>Dosificador de jab\u00f3n l\u00edquido de 1,5 L de capacidad<\/p>\n","protected":false},"featured_media":15481,"comment_status":"closed","ping_status":"closed","template":"","meta":{"_acf_changed":false},"coleccion":[],"product_brand":[],"product_cat":[869,870],"product_tag":[873],"class_list":{"0":"post-15480","1":"product","2":"type-product","3":"status-publish","4":"has-post-thumbnail","6":"mercado-internacional","7":"product_cat-dispensadores-jabon","8":"product_cat-manual","9":"product_tag-plus1l","10":"mediclinics-boxed-content","12":"first","13":"instock","14":"product-type-variable"},"acf":[],"_links":{"self":[{"href":"https:\/\/www.mediclinics.com\/es-la\/wp-json\/wp\/v2\/product\/15480","targetHints":{"allow":["GET"]}}],"collection":[{"href":"https:\/\/www.mediclinics.com\/es-la\/wp-json\/wp\/v2\/product"}],"about":[{"href":"https:\/\/www.mediclinics.com\/es-la\/wp-json\/wp\/v2\/types\/product"}],"replies":[{"embeddable":true,"href":"https:\/\/www.mediclinics.com\/es-la\/wp-json\/wp\/v2\/comments?post=15480"}],"wp:featuredmedia":[{"embeddable":true,"href":"https:\/\/www.mediclinics.com\/es-la\/wp-json\/wp\/v2\/media\/15481"}],"wp:attachment":[{"href":"https:\/\/www.mediclinics.com\/es-la\/wp-json\/wp\/v2\/media?parent=15480"}],"wp:term":[{"taxonomy":"coleccion","embeddable":true,"href":"https:\/\/www.mediclinics.com\/es-la\/wp-json\/wp\/v2\/coleccion?post=15480"},{"taxonomy":"product_brand","embeddable":true,"href":"https:\/\/www.mediclinics.com\/es-la\/wp-json\/wp\/v2\/product_brand?post=15480"},{"taxonomy":"product_cat","embeddable":true,"href":"https:\/\/www.mediclinics.com\/es-la\/wp-json\/wp\/v2\/product_cat?post=15480"},{"taxonomy":"product_tag","embeddable":true,"href":"https:\/\/www.mediclinics.com\/es-la\/wp-json\/wp\/v2\/product_tag?post=15480"}],"curies":[{"name":"wp","href":"https:\/\/api.w.org\/{rel}","templated":true}]}}