{"id":15550,"date":"2025-09-29T20:38:25","date_gmt":"2025-09-29T18:38:25","guid":{"rendered":"https:\/\/www2.mediclinics.com\/product\/dispensador-de-jabon-espray-automatico\/"},"modified":"2026-03-27T09:38:25","modified_gmt":"2026-03-27T08:38:25","slug":"dispensador-jabon-espray-automatico","status":"publish","type":"product","link":"https:\/\/www.mediclinics.com\/es-la\/dispensadores-jabon\/automatico\/dispensador-jabon-espray-automatico\/","title":{"rendered":"Dispensador de jab\u00f3n espray autom\u00e1tico"},"content":{"rendered":"<p>Dosificador de jab\u00f3n spray de accionamiento autom\u00e1tico.<\/p>\n<p>\u2022 Capacidad de 1\u202fL, fabricado en acero inoxidable AISI 304 (0,8\u202fmm), para instalaci\u00f3n en pared.<br \/>\n\u2022Dise\u00f1o funcional, robusto y moderno, compatible con la l\u00ednea de accesorios Mediclinics y adaptable a cualquier ba\u00f1o.<br \/>\n\u2022 V\u00e1lido para instalaciones de tr\u00e1fico elevado y para uso p\u00fablico.<br \/>\n\u2022 Visor frontal que muestra en todo momento el nivel de jab\u00f3n disponible.<br \/>\n\u2022Funciona con 6 pilas AA o transformador 9V 1A (no incluidos), c\u00f3digo DJ0037A-TRAFO.<\/p>\n","protected":false},"excerpt":{"rendered":"<p>Dispensador de jab\u00f3n espray de accionamiento autom\u00e1tico de 1 L<\/p>\n","protected":false},"featured_media":15552,"comment_status":"closed","ping_status":"closed","template":"","meta":{"_acf_changed":false},"coleccion":[],"product_brand":[],"product_cat":[869,874],"product_tag":[872],"class_list":{"0":"post-15550","1":"product","2":"type-product","3":"status-publish","4":"has-post-thumbnail","6":"mercado-internacional","7":"product_cat-dispensadores-jabon","8":"product_cat-automatico","9":"product_tag-1l","10":"mediclinics-boxed-content","12":"first","13":"instock","14":"product-type-variable"},"acf":[],"_links":{"self":[{"href":"https:\/\/www.mediclinics.com\/es-la\/wp-json\/wp\/v2\/product\/15550","targetHints":{"allow":["GET"]}}],"collection":[{"href":"https:\/\/www.mediclinics.com\/es-la\/wp-json\/wp\/v2\/product"}],"about":[{"href":"https:\/\/www.mediclinics.com\/es-la\/wp-json\/wp\/v2\/types\/product"}],"replies":[{"embeddable":true,"href":"https:\/\/www.mediclinics.com\/es-la\/wp-json\/wp\/v2\/comments?post=15550"}],"wp:featuredmedia":[{"embeddable":true,"href":"https:\/\/www.mediclinics.com\/es-la\/wp-json\/wp\/v2\/media\/15552"}],"wp:attachment":[{"href":"https:\/\/www.mediclinics.com\/es-la\/wp-json\/wp\/v2\/media?parent=15550"}],"wp:term":[{"taxonomy":"coleccion","embeddable":true,"href":"https:\/\/www.mediclinics.com\/es-la\/wp-json\/wp\/v2\/coleccion?post=15550"},{"taxonomy":"product_brand","embeddable":true,"href":"https:\/\/www.mediclinics.com\/es-la\/wp-json\/wp\/v2\/product_brand?post=15550"},{"taxonomy":"product_cat","embeddable":true,"href":"https:\/\/www.mediclinics.com\/es-la\/wp-json\/wp\/v2\/product_cat?post=15550"},{"taxonomy":"product_tag","embeddable":true,"href":"https:\/\/www.mediclinics.com\/es-la\/wp-json\/wp\/v2\/product_tag?post=15550"}],"curies":[{"name":"wp","href":"https:\/\/api.w.org\/{rel}","templated":true}]}}