{"id":15559,"date":"2025-09-29T18:49:42","date_gmt":"2025-09-29T16:49:42","guid":{"rendered":"https:\/\/www2.mediclinics.com\/product\/secador-de-cabello-de-alta-velocidad\/"},"modified":"2026-04-10T15:05:15","modified_gmt":"2026-04-10T13:05:15","slug":"secador-cabello-alta-velocidad","status":"publish","type":"product","link":"https:\/\/www.mediclinics.com\/es-la\/secadores-pelo\/individuales\/secador-cabello-alta-velocidad\/","title":{"rendered":"Secador de cabello de alta velocidad"},"content":{"rendered":"<p>Secador de cabello para montaje en pared, dise\u00f1ado para ba\u00f1os de hotel con un estilo moderno, funcional y robusto.<br \/>\nDestacamos:<\/p>\n<p>\u2022 Potente y duradero, ofrece 2000 W de potencia y se activa mediante un pulsador de seguridad que evita el uso prolongado accidental.<br \/>\n\u2022 Cuenta con un interruptor deslizante trasero de 3 posiciones para ajustar el caudal de aire (apagado, velocidad m\u00ednima y m\u00e1xima) y un bot\u00f3n para seleccionar la temperatura (aire fr\u00edo, templado y caliente) con indicadores LED.<br \/>\n\u2022 Incorpora limitador t\u00e9rmico y un sistema ionizador que reduce el encrespamiento y mantiene la hidrataci\u00f3n natural del cabello.<\/p>\n","protected":false},"excerpt":{"rendered":"<p>Secador de cabello mural para hoteles con pulsador<\/p>\n","protected":false},"featured_media":15560,"comment_status":"closed","ping_status":"closed","template":"","meta":{"_acf_changed":false},"coleccion":[],"product_brand":[],"product_cat":[879,880],"product_tag":[881],"class_list":{"0":"post-15559","1":"product","2":"type-product","3":"status-publish","4":"has-post-thumbnail","6":"mercado-internacional","7":"product_cat-secadores-pelo","8":"product_cat-individuales","9":"product_tag-accionamiento-manual","10":"mediclinics-boxed-content","12":"first","13":"instock","14":"product-type-variable"},"acf":[],"_links":{"self":[{"href":"https:\/\/www.mediclinics.com\/es-la\/wp-json\/wp\/v2\/product\/15559","targetHints":{"allow":["GET"]}}],"collection":[{"href":"https:\/\/www.mediclinics.com\/es-la\/wp-json\/wp\/v2\/product"}],"about":[{"href":"https:\/\/www.mediclinics.com\/es-la\/wp-json\/wp\/v2\/types\/product"}],"replies":[{"embeddable":true,"href":"https:\/\/www.mediclinics.com\/es-la\/wp-json\/wp\/v2\/comments?post=15559"}],"wp:featuredmedia":[{"embeddable":true,"href":"https:\/\/www.mediclinics.com\/es-la\/wp-json\/wp\/v2\/media\/15560"}],"wp:attachment":[{"href":"https:\/\/www.mediclinics.com\/es-la\/wp-json\/wp\/v2\/media?parent=15559"}],"wp:term":[{"taxonomy":"coleccion","embeddable":true,"href":"https:\/\/www.mediclinics.com\/es-la\/wp-json\/wp\/v2\/coleccion?post=15559"},{"taxonomy":"product_brand","embeddable":true,"href":"https:\/\/www.mediclinics.com\/es-la\/wp-json\/wp\/v2\/product_brand?post=15559"},{"taxonomy":"product_cat","embeddable":true,"href":"https:\/\/www.mediclinics.com\/es-la\/wp-json\/wp\/v2\/product_cat?post=15559"},{"taxonomy":"product_tag","embeddable":true,"href":"https:\/\/www.mediclinics.com\/es-la\/wp-json\/wp\/v2\/product_tag?post=15559"}],"curies":[{"name":"wp","href":"https:\/\/api.w.org\/{rel}","templated":true}]}}