{"id":15565,"date":"2025-09-29T18:49:31","date_gmt":"2025-09-29T16:49:31","guid":{"rendered":"https:\/\/www2.mediclinics.com\/product\/secador-de-pelo-automatico-uso-colectivo\/"},"modified":"2026-01-23T10:55:19","modified_gmt":"2026-01-23T09:55:19","slug":"secador-pelo-automatico-uso-colectivo","status":"publish","type":"product","link":"https:\/\/www.mediclinics.com\/es-la\/secadores-pelo\/colectivos\/secador-pelo-automatico-uso-colectivo\/","title":{"rendered":"Secador de pelo autom\u00e1tico uso colectivo"},"content":{"rendered":"<p>Secador de cabello Machflow\u00ae autom\u00e1tico con tubo flexible, carcasa fabricada con acero inoxidable AISI 304 y dise\u00f1ado para uso colectivo.<br \/>\nDestacamos:<\/p>\n<p>\u2022 Su innovadora tecnolog\u00eda proporciona importantes ahorros energ\u00e9ticos y un secado del cabello ultra-r\u00e1pido.<br \/>\n\u2022 M\u00e1xima potencia y caudal de aire.<br \/>\n\u2022 Unidad compacta de alta durabilidad con caracter\u00edsticas anti vand\u00e1licas.<br \/>\n\u2022 Incorpora, un medio filtrante HEPA que filtra las part\u00edculas s\u00f3lidas en suspensi\u00f3n (polen, \u00e1caros del polvo, humo del tabaco, etc) mejorando notablemente la calidad del aire.<\/p>\n","protected":false},"excerpt":{"rendered":"<p>Secador de pelo autom\u00e1tico para uso colectivo<\/p>\n","protected":false},"featured_media":15566,"comment_status":"closed","ping_status":"closed","template":"","meta":{"_acf_changed":false},"coleccion":[],"product_brand":[],"product_cat":[879,882],"product_tag":[883],"class_list":{"0":"post-15565","1":"product","2":"type-product","3":"status-publish","4":"has-post-thumbnail","6":"mercado-internacional","7":"product_cat-secadores-pelo","8":"product_cat-colectivos","9":"product_tag-accionamiento-automatico","10":"mediclinics-boxed-content","12":"first","13":"instock","14":"product-type-variable"},"acf":[],"_links":{"self":[{"href":"https:\/\/www.mediclinics.com\/es-la\/wp-json\/wp\/v2\/product\/15565","targetHints":{"allow":["GET"]}}],"collection":[{"href":"https:\/\/www.mediclinics.com\/es-la\/wp-json\/wp\/v2\/product"}],"about":[{"href":"https:\/\/www.mediclinics.com\/es-la\/wp-json\/wp\/v2\/types\/product"}],"replies":[{"embeddable":true,"href":"https:\/\/www.mediclinics.com\/es-la\/wp-json\/wp\/v2\/comments?post=15565"}],"wp:featuredmedia":[{"embeddable":true,"href":"https:\/\/www.mediclinics.com\/es-la\/wp-json\/wp\/v2\/media\/15566"}],"wp:attachment":[{"href":"https:\/\/www.mediclinics.com\/es-la\/wp-json\/wp\/v2\/media?parent=15565"}],"wp:term":[{"taxonomy":"coleccion","embeddable":true,"href":"https:\/\/www.mediclinics.com\/es-la\/wp-json\/wp\/v2\/coleccion?post=15565"},{"taxonomy":"product_brand","embeddable":true,"href":"https:\/\/www.mediclinics.com\/es-la\/wp-json\/wp\/v2\/product_brand?post=15565"},{"taxonomy":"product_cat","embeddable":true,"href":"https:\/\/www.mediclinics.com\/es-la\/wp-json\/wp\/v2\/product_cat?post=15565"},{"taxonomy":"product_tag","embeddable":true,"href":"https:\/\/www.mediclinics.com\/es-la\/wp-json\/wp\/v2\/product_tag?post=15565"}],"curies":[{"name":"wp","href":"https:\/\/api.w.org\/{rel}","templated":true}]}}