{"id":15619,"date":"2025-07-08T15:26:46","date_gmt":"2025-07-08T13:26:46","guid":{"rendered":"https:\/\/www2.mediclinics.com\/product\/kit-para-empotrar-mediflow\/"},"modified":"2026-01-09T06:10:45","modified_gmt":"2026-01-09T05:10:45","slug":"kit-empotrar-mediflow","status":"publish","type":"product","link":"https:\/\/www.mediclinics.com\/es-la\/secadores-manos\/frecuencia-paso-alta\/kit-empotrar-mediflow\/","title":{"rendered":"Kit para empotrar Mediflow"},"content":{"rendered":"<p>Kit para empotrar el secador de manos Mediflow (secador no incluido).<\/p>\n<p>\u2022 El kit empotrable Mediflow adecua el secador de manos Mediflow al cumplimiento de la normativa ADA (EEUU), que limita a 10cm la proyecci\u00f3n horizontal de los dispositivos instalados en ba\u00f1os p\u00fablicos.<\/p>\n<p>\u2022 M\u00e1xima robustez y anti-vandalismo.<\/p>\n<p>\u2022 Excelente integraci\u00f3n y nivel est\u00e9tico.<\/p>\n","protected":false},"excerpt":{"rendered":"<p>Kit para empotrar a la pared el secador de manos Mediflow<\/p>\n","protected":false},"featured_media":15621,"comment_status":"closed","ping_status":"closed","template":"","meta":{"_acf_changed":false},"coleccion":[],"product_brand":[],"product_cat":[888,889],"product_tag":[890],"class_list":{"0":"post-15619","1":"product","2":"type-product","3":"status-publish","4":"has-post-thumbnail","6":"mercado-internacional","7":"product_cat-secadores-manos","8":"product_cat-frecuencia-paso-alta","9":"product_tag-kit-para-empotrar","10":"mediclinics-boxed-content","12":"first","13":"instock","14":"product-type-variable","15":"has-default-attributes"},"acf":[],"_links":{"self":[{"href":"https:\/\/www.mediclinics.com\/es-la\/wp-json\/wp\/v2\/product\/15619","targetHints":{"allow":["GET"]}}],"collection":[{"href":"https:\/\/www.mediclinics.com\/es-la\/wp-json\/wp\/v2\/product"}],"about":[{"href":"https:\/\/www.mediclinics.com\/es-la\/wp-json\/wp\/v2\/types\/product"}],"replies":[{"embeddable":true,"href":"https:\/\/www.mediclinics.com\/es-la\/wp-json\/wp\/v2\/comments?post=15619"}],"wp:featuredmedia":[{"embeddable":true,"href":"https:\/\/www.mediclinics.com\/es-la\/wp-json\/wp\/v2\/media\/15621"}],"wp:attachment":[{"href":"https:\/\/www.mediclinics.com\/es-la\/wp-json\/wp\/v2\/media?parent=15619"}],"wp:term":[{"taxonomy":"coleccion","embeddable":true,"href":"https:\/\/www.mediclinics.com\/es-la\/wp-json\/wp\/v2\/coleccion?post=15619"},{"taxonomy":"product_brand","embeddable":true,"href":"https:\/\/www.mediclinics.com\/es-la\/wp-json\/wp\/v2\/product_brand?post=15619"},{"taxonomy":"product_cat","embeddable":true,"href":"https:\/\/www.mediclinics.com\/es-la\/wp-json\/wp\/v2\/product_cat?post=15619"},{"taxonomy":"product_tag","embeddable":true,"href":"https:\/\/www.mediclinics.com\/es-la\/wp-json\/wp\/v2\/product_tag?post=15619"}],"curies":[{"name":"wp","href":"https:\/\/api.w.org\/{rel}","templated":true}]}}