{"id":15629,"date":"2025-07-08T15:26:46","date_gmt":"2025-07-08T13:26:46","guid":{"rendered":"https:\/\/www2.mediclinics.com\/product\/secamanos-automatico-optima\/"},"modified":"2026-03-03T11:13:52","modified_gmt":"2026-03-03T10:13:52","slug":"secamanos-automatico-optima","status":"publish","type":"product","link":"https:\/\/www.mediclinics.com\/es-la\/secadores-manos\/frecuencia-paso-media-baja\/secamanos-automatico-optima\/","title":{"rendered":"Secamanos autom\u00e1tico Optima"},"content":{"rendered":"<p>Es la soluci\u00f3n ideal para quien est\u00e1 buscando una secadora de manos autom\u00e1tica con un funcionamiento \u00f3ptimo a un precio muy competitivo.<br \/>\nDestacamos:<\/p>\n<p>\u2022 Equipados con un motor de inducci\u00f3n, el cual no requiere de mantenimiento y est\u00e1n fabricados con materiales de alta calidad.<\/p>\n<p>\u2022 Incluye un Sensor de detecci\u00f3n electr\u00f3nico, por haz infrarrojo y distancia de detecci\u00f3n regulable entre 15 y 25 cm.<\/p>\n<p>\u2022 Disponible en cuatro acabados distintos para integrarse f\u00e1cilmente en cualquier ambiente de ba\u00f1o.<\/p>\n","protected":false},"excerpt":{"rendered":"<p>Secador de manos autom\u00e1tico Optima con carcasa de acero<\/p>\n","protected":false},"featured_media":15632,"comment_status":"closed","ping_status":"closed","template":"","meta":{"_acf_changed":false},"coleccion":[],"product_brand":[],"product_cat":[888,891],"product_tag":[892],"class_list":{"0":"post-15629","1":"product","2":"type-product","3":"status-publish","4":"has-post-thumbnail","6":"mercado-internacional","7":"product_cat-secadores-manos","8":"product_cat-frecuencia-paso-media-baja","9":"product_tag-automatico","10":"mediclinics-boxed-content","12":"first","13":"instock","14":"product-type-variable"},"acf":[],"_links":{"self":[{"href":"https:\/\/www.mediclinics.com\/es-la\/wp-json\/wp\/v2\/product\/15629","targetHints":{"allow":["GET"]}}],"collection":[{"href":"https:\/\/www.mediclinics.com\/es-la\/wp-json\/wp\/v2\/product"}],"about":[{"href":"https:\/\/www.mediclinics.com\/es-la\/wp-json\/wp\/v2\/types\/product"}],"replies":[{"embeddable":true,"href":"https:\/\/www.mediclinics.com\/es-la\/wp-json\/wp\/v2\/comments?post=15629"}],"wp:featuredmedia":[{"embeddable":true,"href":"https:\/\/www.mediclinics.com\/es-la\/wp-json\/wp\/v2\/media\/15632"}],"wp:attachment":[{"href":"https:\/\/www.mediclinics.com\/es-la\/wp-json\/wp\/v2\/media?parent=15629"}],"wp:term":[{"taxonomy":"coleccion","embeddable":true,"href":"https:\/\/www.mediclinics.com\/es-la\/wp-json\/wp\/v2\/coleccion?post=15629"},{"taxonomy":"product_brand","embeddable":true,"href":"https:\/\/www.mediclinics.com\/es-la\/wp-json\/wp\/v2\/product_brand?post=15629"},{"taxonomy":"product_cat","embeddable":true,"href":"https:\/\/www.mediclinics.com\/es-la\/wp-json\/wp\/v2\/product_cat?post=15629"},{"taxonomy":"product_tag","embeddable":true,"href":"https:\/\/www.mediclinics.com\/es-la\/wp-json\/wp\/v2\/product_tag?post=15629"}],"curies":[{"name":"wp","href":"https:\/\/api.w.org\/{rel}","templated":true}]}}