{"id":15640,"date":"2025-07-08T15:26:46","date_gmt":"2025-07-08T13:26:46","guid":{"rendered":"https:\/\/www2.mediclinics.com\/product\/secamanos-automatico-juniorplus\/"},"modified":"2026-03-23T16:51:28","modified_gmt":"2026-03-23T15:51:28","slug":"secamanos-automatico-juniorplus","status":"publish","type":"product","link":"https:\/\/www.mediclinics.com\/es-la\/secadores-manos\/frecuencia-paso-media-baja\/secamanos-automatico-juniorplus\/","title":{"rendered":"Secamanos autom\u00e1tico Juniorplus"},"content":{"rendered":"<p>El secador de manos autom\u00e1tico Junior Plus de Mediclinics es la soluci\u00f3n ideal para quien est\u00e1 buscando un secador de manos autom\u00e1tico con un funcionamiento \u00f3ptimo a un precio muy competitivo.<br \/>\nDestacamos:<\/p>\n<p>\u2022 Equipados con un motor de inducci\u00f3n, el cual no requiere de mantenimiento y est\u00e1n fabricados con materiales de alta calidad.<\/p>\n<p>\u2022 Incluye un Sensor de detecci\u00f3n electr\u00f3nico, por haz infrarrojo y distancia de detecci\u00f3n regulable entre 15 y 25 cm.<\/p>\n","protected":false},"excerpt":{"rendered":"<p>Secador de manos autom\u00e1tico Junior Plus de Mediclinics<\/p>\n","protected":false},"featured_media":15641,"comment_status":"closed","ping_status":"closed","template":"","meta":{"_acf_changed":false},"coleccion":[],"product_brand":[],"product_cat":[888,891],"product_tag":[893],"class_list":{"0":"post-15640","1":"product","2":"type-product","3":"status-publish","4":"has-post-thumbnail","6":"mercado-internacional","7":"product_cat-secadores-manos","8":"product_cat-frecuencia-paso-media-baja","9":"product_tag-manual","10":"mediclinics-boxed-content","12":"first","13":"instock","14":"product-type-simple"},"acf":[],"_links":{"self":[{"href":"https:\/\/www.mediclinics.com\/es-la\/wp-json\/wp\/v2\/product\/15640","targetHints":{"allow":["GET"]}}],"collection":[{"href":"https:\/\/www.mediclinics.com\/es-la\/wp-json\/wp\/v2\/product"}],"about":[{"href":"https:\/\/www.mediclinics.com\/es-la\/wp-json\/wp\/v2\/types\/product"}],"replies":[{"embeddable":true,"href":"https:\/\/www.mediclinics.com\/es-la\/wp-json\/wp\/v2\/comments?post=15640"}],"wp:featuredmedia":[{"embeddable":true,"href":"https:\/\/www.mediclinics.com\/es-la\/wp-json\/wp\/v2\/media\/15641"}],"wp:attachment":[{"href":"https:\/\/www.mediclinics.com\/es-la\/wp-json\/wp\/v2\/media?parent=15640"}],"wp:term":[{"taxonomy":"coleccion","embeddable":true,"href":"https:\/\/www.mediclinics.com\/es-la\/wp-json\/wp\/v2\/coleccion?post=15640"},{"taxonomy":"product_brand","embeddable":true,"href":"https:\/\/www.mediclinics.com\/es-la\/wp-json\/wp\/v2\/product_brand?post=15640"},{"taxonomy":"product_cat","embeddable":true,"href":"https:\/\/www.mediclinics.com\/es-la\/wp-json\/wp\/v2\/product_cat?post=15640"},{"taxonomy":"product_tag","embeddable":true,"href":"https:\/\/www.mediclinics.com\/es-la\/wp-json\/wp\/v2\/product_tag?post=15640"}],"curies":[{"name":"wp","href":"https:\/\/api.w.org\/{rel}","templated":true}]}}