{"id":15676,"date":"2025-07-08T15:26:29","date_gmt":"2025-07-08T13:26:29","guid":{"rendered":"https:\/\/www2.mediclinics.com\/product\/mediflow-automatico\/"},"modified":"2026-03-23T16:43:11","modified_gmt":"2026-03-23T15:43:11","slug":"mediflow-automatico","status":"publish","type":"product","link":"https:\/\/www.mediclinics.com\/es-la\/secadores-manos\/frecuencia-paso-alta\/mediflow-automatico\/","title":{"rendered":"Mediflow autom\u00e1tico"},"content":{"rendered":"<p>Los secadores de manos Mediflow Logic Dry, de accionamiento autom\u00e1tico, se caracterizan por su potencia y robustez.<br \/>\nDestacamos:<\/p>\n<p>\u2022 Incorporan la tecnolog\u00eda Logic Dry, que regula autom\u00e1ticamente la temperatura del aire, hasta 4 niveles posibles, en funci\u00f3n de la temperatura ambiente.<\/p>\n<p>\u2022 Gracias a ello, disfrutan de un ciclo de vida m\u00e1s largo, al tiempo que aumenta la eficacia del proceso de secado de manos.<\/p>\n<p>\u2022 Ahorro en el consumo de energ\u00eda el\u00e9ctrica de estos secadores, que incorporan esta importante funci\u00f3n ecol\u00f3gica.<\/p>\n","protected":false},"excerpt":{"rendered":"<p>Secadores de manos Mediflow Logic Dry, de accionamiento autom\u00e1tico<\/p>\n","protected":false},"featured_media":15681,"comment_status":"closed","ping_status":"closed","template":"","meta":{"_acf_changed":false},"coleccion":[],"product_brand":[],"product_cat":[888,889],"product_tag":[892],"class_list":{"0":"post-15676","1":"product","2":"type-product","3":"status-publish","4":"has-post-thumbnail","6":"mercado-internacional","7":"product_cat-secadores-manos","8":"product_cat-frecuencia-paso-alta","9":"product_tag-automatico","10":"mediclinics-boxed-content","12":"first","13":"instock","14":"product-type-variable"},"acf":[],"_links":{"self":[{"href":"https:\/\/www.mediclinics.com\/es-la\/wp-json\/wp\/v2\/product\/15676","targetHints":{"allow":["GET"]}}],"collection":[{"href":"https:\/\/www.mediclinics.com\/es-la\/wp-json\/wp\/v2\/product"}],"about":[{"href":"https:\/\/www.mediclinics.com\/es-la\/wp-json\/wp\/v2\/types\/product"}],"replies":[{"embeddable":true,"href":"https:\/\/www.mediclinics.com\/es-la\/wp-json\/wp\/v2\/comments?post=15676"}],"wp:featuredmedia":[{"embeddable":true,"href":"https:\/\/www.mediclinics.com\/es-la\/wp-json\/wp\/v2\/media\/15681"}],"wp:attachment":[{"href":"https:\/\/www.mediclinics.com\/es-la\/wp-json\/wp\/v2\/media?parent=15676"}],"wp:term":[{"taxonomy":"coleccion","embeddable":true,"href":"https:\/\/www.mediclinics.com\/es-la\/wp-json\/wp\/v2\/coleccion?post=15676"},{"taxonomy":"product_brand","embeddable":true,"href":"https:\/\/www.mediclinics.com\/es-la\/wp-json\/wp\/v2\/product_brand?post=15676"},{"taxonomy":"product_cat","embeddable":true,"href":"https:\/\/www.mediclinics.com\/es-la\/wp-json\/wp\/v2\/product_cat?post=15676"},{"taxonomy":"product_tag","embeddable":true,"href":"https:\/\/www.mediclinics.com\/es-la\/wp-json\/wp\/v2\/product_tag?post=15676"}],"curies":[{"name":"wp","href":"https:\/\/api.w.org\/{rel}","templated":true}]}}