{"id":15690,"date":"2025-07-08T15:26:29","date_gmt":"2025-07-08T13:26:29","guid":{"rendered":"https:\/\/www2.mediclinics.com\/product\/mediflow-automatico-basic\/"},"modified":"2026-03-23T16:46:09","modified_gmt":"2026-03-23T15:46:09","slug":"mediflow-automatico-basic","status":"publish","type":"product","link":"https:\/\/www.mediclinics.com\/es-la\/secadores-manos\/frecuencia-paso-alta\/mediflow-automatico-basic\/","title":{"rendered":"Mediflow autom\u00e1tico basic"},"content":{"rendered":"<p>Los secadores de manos Mediflow de accionamiento autom\u00e1tico, se caracterizan por su potencia y robustez.<br \/>\nDestacamos:<\/p>\n<p>\u2022 Incluyen elementos de seguridad tales como limitadores t\u00e9rmicos de seguridad (en la resistencia y en el motor) y un sistema de desconexi\u00f3n autom\u00e1tica.<\/p>\n<p>\u2022 Modelo de larga durabilidad y de total fiabilidad, con caracter\u00edsticas anti-vand\u00e1licas y dise\u00f1ado para ser instalado en zonas de tr\u00e1fico elevado.<\/p>\n","protected":false},"excerpt":{"rendered":"<p>Secador de manos autom\u00e1tico Mediflow Basic con carcasa de acero.<\/p>\n","protected":false},"featured_media":15692,"comment_status":"closed","ping_status":"closed","template":"","meta":{"_acf_changed":false},"coleccion":[],"product_brand":[],"product_cat":[888,889],"product_tag":[892],"class_list":{"0":"post-15690","1":"product","2":"type-product","3":"status-publish","4":"has-post-thumbnail","6":"mercado-internacional","7":"product_cat-secadores-manos","8":"product_cat-frecuencia-paso-alta","9":"product_tag-automatico","10":"mediclinics-boxed-content","12":"first","13":"instock","14":"product-type-variable"},"acf":[],"_links":{"self":[{"href":"https:\/\/www.mediclinics.com\/es-la\/wp-json\/wp\/v2\/product\/15690","targetHints":{"allow":["GET"]}}],"collection":[{"href":"https:\/\/www.mediclinics.com\/es-la\/wp-json\/wp\/v2\/product"}],"about":[{"href":"https:\/\/www.mediclinics.com\/es-la\/wp-json\/wp\/v2\/types\/product"}],"replies":[{"embeddable":true,"href":"https:\/\/www.mediclinics.com\/es-la\/wp-json\/wp\/v2\/comments?post=15690"}],"wp:featuredmedia":[{"embeddable":true,"href":"https:\/\/www.mediclinics.com\/es-la\/wp-json\/wp\/v2\/media\/15692"}],"wp:attachment":[{"href":"https:\/\/www.mediclinics.com\/es-la\/wp-json\/wp\/v2\/media?parent=15690"}],"wp:term":[{"taxonomy":"coleccion","embeddable":true,"href":"https:\/\/www.mediclinics.com\/es-la\/wp-json\/wp\/v2\/coleccion?post=15690"},{"taxonomy":"product_brand","embeddable":true,"href":"https:\/\/www.mediclinics.com\/es-la\/wp-json\/wp\/v2\/product_brand?post=15690"},{"taxonomy":"product_cat","embeddable":true,"href":"https:\/\/www.mediclinics.com\/es-la\/wp-json\/wp\/v2\/product_cat?post=15690"},{"taxonomy":"product_tag","embeddable":true,"href":"https:\/\/www.mediclinics.com\/es-la\/wp-json\/wp\/v2\/product_tag?post=15690"}],"curies":[{"name":"wp","href":"https:\/\/api.w.org\/{rel}","templated":true}]}}