{"id":15715,"date":"2025-07-08T15:26:07","date_gmt":"2025-07-08T13:26:07","guid":{"rendered":"https:\/\/www2.mediclinics.com\/product\/kit-para-empotrar-machflow\/"},"modified":"2026-02-27T12:18:44","modified_gmt":"2026-02-27T11:18:44","slug":"kit-empotrar-machflow","status":"publish","type":"product","link":"https:\/\/www.mediclinics.com\/es-la\/secadores-manos\/eco-rapidos\/kit-empotrar-machflow\/","title":{"rendered":"Kit para empotrar Machflow"},"content":{"rendered":"<p>Kit para empotrar el secador de manos Machflow (secador no incluido).<\/p>\n<p>\u2022 El kit empotrable Machflow adecua el secador de manos Machflow al cumplimiento de la normativa ADA (EEUU), que limita a 10cm la proyecci\u00f3n horizontal de los dispositivos instalados en ba\u00f1os p\u00fablicos.<\/p>\n<p>\u2022 M\u00e1xima robustez y anti-vandalismo.<\/p>\n<p>\u2022 Excelente integraci\u00f3n y nivel est\u00e9tico.<\/p>\n","protected":false},"excerpt":{"rendered":"<p>Kit para empotrar el secador de manos Machflow<\/p>\n<p>\u2022 El kit empotrable Machflow adecua el secador de manos Machflow al cumplimiento de la normativa ADA (EEUU), que limita a 10cm la proyecci\u00f3n horizontal de los dispositivos instalados en ba\u00f1os p\u00fablicos.<\/p>\n<p>\u2022 M\u00e1xima robustez y anti-vandalismo.<\/p>\n<p>\u2022 Excelente integraci\u00f3n y nivel est\u00e9tico.<\/p>\n","protected":false},"featured_media":15717,"comment_status":"closed","ping_status":"closed","template":"","meta":{"_acf_changed":false},"coleccion":[],"product_brand":[],"product_cat":[888,895,889],"product_tag":[890],"class_list":{"0":"post-15715","1":"product","2":"type-product","3":"status-publish","4":"has-post-thumbnail","6":"mercado-internacional","7":"product_cat-secadores-manos","8":"product_cat-eco-rapidos","9":"product_cat-frecuencia-paso-alta","10":"product_tag-kit-para-empotrar","11":"mediclinics-boxed-content","13":"first","14":"instock","15":"product-type-variable","16":"has-default-attributes"},"acf":[],"_links":{"self":[{"href":"https:\/\/www.mediclinics.com\/es-la\/wp-json\/wp\/v2\/product\/15715","targetHints":{"allow":["GET"]}}],"collection":[{"href":"https:\/\/www.mediclinics.com\/es-la\/wp-json\/wp\/v2\/product"}],"about":[{"href":"https:\/\/www.mediclinics.com\/es-la\/wp-json\/wp\/v2\/types\/product"}],"replies":[{"embeddable":true,"href":"https:\/\/www.mediclinics.com\/es-la\/wp-json\/wp\/v2\/comments?post=15715"}],"wp:featuredmedia":[{"embeddable":true,"href":"https:\/\/www.mediclinics.com\/es-la\/wp-json\/wp\/v2\/media\/15717"}],"wp:attachment":[{"href":"https:\/\/www.mediclinics.com\/es-la\/wp-json\/wp\/v2\/media?parent=15715"}],"wp:term":[{"taxonomy":"coleccion","embeddable":true,"href":"https:\/\/www.mediclinics.com\/es-la\/wp-json\/wp\/v2\/coleccion?post=15715"},{"taxonomy":"product_brand","embeddable":true,"href":"https:\/\/www.mediclinics.com\/es-la\/wp-json\/wp\/v2\/product_brand?post=15715"},{"taxonomy":"product_cat","embeddable":true,"href":"https:\/\/www.mediclinics.com\/es-la\/wp-json\/wp\/v2\/product_cat?post=15715"},{"taxonomy":"product_tag","embeddable":true,"href":"https:\/\/www.mediclinics.com\/es-la\/wp-json\/wp\/v2\/product_tag?post=15715"}],"curies":[{"name":"wp","href":"https:\/\/api.w.org\/{rel}","templated":true}]}}