{"id":15744,"date":"2025-07-08T15:25:36","date_gmt":"2025-07-08T13:25:36","guid":{"rendered":"https:\/\/www2.mediclinics.com\/product\/u-flow\/"},"modified":"2026-03-12T12:33:28","modified_gmt":"2026-03-12T11:33:28","slug":"u-flow","status":"publish","type":"product","link":"https:\/\/www.mediclinics.com\/es-la\/secadores-manos\/eco-rapidos\/u-flow\/","title":{"rendered":"U-Flow"},"content":{"rendered":"<p><img loading=\"lazy\" decoding=\"async\" class=\"size-full wp-image-9667 alignnone\" src=\"https:\/\/www.mediclinics.com\/wp-content\/uploads\/2025\/07\/good-design-if-design-award-european-product-design.png\" alt=\"\" width=\"219\" height=\"50\" \/><\/p>\n<p>\u2022 Su innovador y ergon\u00f3mico dise\u00f1o en forma de U, permite una libertad total de movimiento de las manos, haciendo del secado de manos una experiencia \u00fanica llena de protecci\u00f3n e higiene.<\/p>\n<p>\u2022 Incorpora un kit de montaje\/desmontaje r\u00e1pido de la m\u00e1quina, sistema \u201cPlug-in\u201d que permite instalar y desinstalar el secador de manos de forma f\u00e1cil, r\u00e1pido y seguro.<\/p>\n<p>\u2022 Incorpora un medio filtrante HEPA que filtra las part\u00edculas s\u00f3lidas en suspensi\u00f3n (polen, \u00e1caros del polvo, humo del tabaco, etc) mejorando notablemente la calidad del aire.<\/p>\n<p>\u2022 Incorpora un ionizador (tecnolog\u00eda \u201cIon Hygienic\u201d), que elimina gran parte de las part\u00edculas y los g\u00e9rmenes transportados por el aire, haciendo que \u00e9ste sea m\u00e1s saludable y puro.<\/p>\n<p>\u2022 Protecci\u00f3n antimicrobiana y antibacteriana Biocote\u00ae que reduce el crecimiento de microbios como bacterias y moho hasta en un 99,9%.<\/p>\n","protected":false},"excerpt":{"rendered":"<p>Nuevo secador de manos autom\u00e1tico U-Flow \u00ae, modelo en forma de &#8220;U&#8221; hands-through.<\/p>\n","protected":false},"featured_media":15751,"comment_status":"closed","ping_status":"closed","template":"","meta":{"_acf_changed":false},"coleccion":[819,415],"product_brand":[],"product_cat":[888,895,889],"product_tag":[892,897],"class_list":{"0":"post-15744","1":"product","2":"type-product","3":"status-publish","4":"has-post-thumbnail","6":"coleccion-contract","7":"coleccion-elegant","8":"mercado-internacional","9":"product_cat-secadores-manos","10":"product_cat-eco-rapidos","11":"product_cat-frecuencia-paso-alta","12":"product_tag-automatico","13":"product_tag-sin-escobillas","14":"mediclinics-boxed-content","16":"first","17":"instock","18":"product-type-variable"},"acf":[],"_links":{"self":[{"href":"https:\/\/www.mediclinics.com\/es-la\/wp-json\/wp\/v2\/product\/15744","targetHints":{"allow":["GET"]}}],"collection":[{"href":"https:\/\/www.mediclinics.com\/es-la\/wp-json\/wp\/v2\/product"}],"about":[{"href":"https:\/\/www.mediclinics.com\/es-la\/wp-json\/wp\/v2\/types\/product"}],"replies":[{"embeddable":true,"href":"https:\/\/www.mediclinics.com\/es-la\/wp-json\/wp\/v2\/comments?post=15744"}],"wp:featuredmedia":[{"embeddable":true,"href":"https:\/\/www.mediclinics.com\/es-la\/wp-json\/wp\/v2\/media\/15751"}],"wp:attachment":[{"href":"https:\/\/www.mediclinics.com\/es-la\/wp-json\/wp\/v2\/media?parent=15744"}],"wp:term":[{"taxonomy":"coleccion","embeddable":true,"href":"https:\/\/www.mediclinics.com\/es-la\/wp-json\/wp\/v2\/coleccion?post=15744"},{"taxonomy":"product_brand","embeddable":true,"href":"https:\/\/www.mediclinics.com\/es-la\/wp-json\/wp\/v2\/product_brand?post=15744"},{"taxonomy":"product_cat","embeddable":true,"href":"https:\/\/www.mediclinics.com\/es-la\/wp-json\/wp\/v2\/product_cat?post=15744"},{"taxonomy":"product_tag","embeddable":true,"href":"https:\/\/www.mediclinics.com\/es-la\/wp-json\/wp\/v2\/product_tag?post=15744"}],"curies":[{"name":"wp","href":"https:\/\/api.w.org\/{rel}","templated":true}]}}