{"id":15759,"date":"2025-07-08T15:25:36","date_gmt":"2025-07-08T13:25:36","guid":{"rendered":"https:\/\/www2.mediclinics.com\/product\/dualflow-plus-brushless\/"},"modified":"2026-02-27T12:22:33","modified_gmt":"2026-02-27T11:22:33","slug":"dualflow-plus-brushless","status":"publish","type":"product","link":"https:\/\/www.mediclinics.com\/es-la\/secadores-manos\/eco-rapidos\/dualflow-plus-brushless\/","title":{"rendered":"Dualflow Plus Brushless"},"content":{"rendered":"<p>Secador de manos de alta velocidad, con motor sin escobillas (brushless) que no requiere mantenimiento y que garantiza una larga vida \u00fatil.<br \/>\nDispone de:<\/p>\n<p>\u2022 Un \u00e1rea de recolecci\u00f3n de agua con dise\u00f1o anti-salpicaduras, que evita que el agua caiga al suelo<br \/>\n\u2022 Protecci\u00f3n antimicrobiana y antibacteriana, que inhiben la reproducci\u00f3n de microorganismos en el producto durante toda su vida \u00fatil, proporcionando una soluci\u00f3n antimicrobiana total.<br \/>\n\u2022 Un medio filtrante HEPA que filtra las part\u00edculas s\u00f3lidas en suspensi\u00f3n (polen, \u00e1caros del polvo, humo del tabaco, etc) mejorando notablemente la calidad del aire.<br \/>\n\u2022 Puede ensamblar opcionalmente un ionizador que elimina la mayor\u00eda de las part\u00edculas y g\u00e9rmenes que transporta el aire, haci\u00e9ndolo m\u00e1s saludable y puro.<\/p>\n<p>Ref. con extras opcionales:<br \/>\nM24A-DES (secador con desag\u00fce) \/<br \/>\nM24A-I (secador con ionizador) \/<br \/>\nM24A-DES-I (secador con desag\u00fce<br \/>\ne ionizador)<\/p>\n","protected":false},"excerpt":{"rendered":"<p>Secador de manos autom\u00e1tico Dualflow Plus Brushless con carcasa de ABS.<\/p>\n","protected":false},"featured_media":15764,"comment_status":"closed","ping_status":"closed","template":"","meta":{"_acf_changed":false},"coleccion":[819,415],"product_brand":[],"product_cat":[888,895,889],"product_tag":[892,897],"class_list":{"0":"post-15759","1":"product","2":"type-product","3":"status-publish","4":"has-post-thumbnail","6":"coleccion-contract","7":"coleccion-elegant","8":"mercado-internacional","9":"product_cat-secadores-manos","10":"product_cat-eco-rapidos","11":"product_cat-frecuencia-paso-alta","12":"product_tag-automatico","13":"product_tag-sin-escobillas","14":"mediclinics-boxed-content","16":"first","17":"instock","18":"product-type-variable","19":"has-default-attributes"},"acf":[],"_links":{"self":[{"href":"https:\/\/www.mediclinics.com\/es-la\/wp-json\/wp\/v2\/product\/15759","targetHints":{"allow":["GET"]}}],"collection":[{"href":"https:\/\/www.mediclinics.com\/es-la\/wp-json\/wp\/v2\/product"}],"about":[{"href":"https:\/\/www.mediclinics.com\/es-la\/wp-json\/wp\/v2\/types\/product"}],"replies":[{"embeddable":true,"href":"https:\/\/www.mediclinics.com\/es-la\/wp-json\/wp\/v2\/comments?post=15759"}],"wp:featuredmedia":[{"embeddable":true,"href":"https:\/\/www.mediclinics.com\/es-la\/wp-json\/wp\/v2\/media\/15764"}],"wp:attachment":[{"href":"https:\/\/www.mediclinics.com\/es-la\/wp-json\/wp\/v2\/media?parent=15759"}],"wp:term":[{"taxonomy":"coleccion","embeddable":true,"href":"https:\/\/www.mediclinics.com\/es-la\/wp-json\/wp\/v2\/coleccion?post=15759"},{"taxonomy":"product_brand","embeddable":true,"href":"https:\/\/www.mediclinics.com\/es-la\/wp-json\/wp\/v2\/product_brand?post=15759"},{"taxonomy":"product_cat","embeddable":true,"href":"https:\/\/www.mediclinics.com\/es-la\/wp-json\/wp\/v2\/product_cat?post=15759"},{"taxonomy":"product_tag","embeddable":true,"href":"https:\/\/www.mediclinics.com\/es-la\/wp-json\/wp\/v2\/product_tag?post=15759"}],"curies":[{"name":"wp","href":"https:\/\/api.w.org\/{rel}","templated":true}]}}