{"id":15772,"date":"2025-07-08T15:25:36","date_gmt":"2025-07-08T13:25:36","guid":{"rendered":"https:\/\/www2.mediclinics.com\/product\/dualflow-plus\/"},"modified":"2026-02-27T12:23:32","modified_gmt":"2026-02-27T11:23:32","slug":"dualflow-plus","status":"publish","type":"product","link":"https:\/\/www.mediclinics.com\/es-la\/secadores-manos\/eco-rapidos\/dualflow-plus\/","title":{"rendered":"Dualflow Plus"},"content":{"rendered":"<p>Secador de manos tipo \u201chands in\u201d de nueva generaci\u00f3n, r\u00e1pido eficiente y de dise\u00f1o elegante, muy adecuado para lugares con una alta frecuencia de paso.<br \/>\nDispone de:<\/p>\n<p>\u2022 Un medio filtrante HEPA que filtra las part\u00edculas s\u00f3lidas en suspensi\u00f3n (polen, \u00e1caros del polvo, humo del tabaco, etc) mejorando notablemente la calidad del aire.<br \/>\n\u2022 Puede incorporar, de forma opcional, un ionizador (tecnolog\u00eda \u201cIon Hygienic\u201d) que elimina la mayor\u00eda de las part\u00edculas y los g\u00e9rmenes transportados por el aire, haciendo que \u00e9ste sea m\u00e1s saludable y puro.<br \/>\n\u2022 Protecci\u00f3n antimicrobiana y antibacteriana Biocote\u00ae que inhibe la reproducci\u00f3n de micro-organismos en el producto durante toda su vida \u00fatil.<\/p>\n<p>Ref. con extras opcionales:<br \/>\nM14A-DES (secador con desag\u00fce)<br \/>\nM14A-I (secador con ionizador)<br \/>\nM14A-DES-I (secador con desag\u00fce e ionizador)<\/p>\n","protected":false},"excerpt":{"rendered":"<p>Secador de manos autom\u00e1tico Dualflow Plus con carcasa de ABS.<\/p>\n","protected":false},"featured_media":15777,"comment_status":"closed","ping_status":"closed","template":"","meta":{"_acf_changed":false},"coleccion":[819,415],"product_brand":[],"product_cat":[888,895,889],"product_tag":[892,896],"class_list":{"0":"post-15772","1":"product","2":"type-product","3":"status-publish","4":"has-post-thumbnail","6":"coleccion-contract","7":"coleccion-elegant","8":"mercado-internacional","9":"product_cat-secadores-manos","10":"product_cat-eco-rapidos","11":"product_cat-frecuencia-paso-alta","12":"product_tag-automatico","13":"product_tag-con-escobillas","14":"mediclinics-boxed-content","16":"first","17":"instock","18":"product-type-variable","19":"has-default-attributes"},"acf":[],"_links":{"self":[{"href":"https:\/\/www.mediclinics.com\/es-la\/wp-json\/wp\/v2\/product\/15772","targetHints":{"allow":["GET"]}}],"collection":[{"href":"https:\/\/www.mediclinics.com\/es-la\/wp-json\/wp\/v2\/product"}],"about":[{"href":"https:\/\/www.mediclinics.com\/es-la\/wp-json\/wp\/v2\/types\/product"}],"replies":[{"embeddable":true,"href":"https:\/\/www.mediclinics.com\/es-la\/wp-json\/wp\/v2\/comments?post=15772"}],"wp:featuredmedia":[{"embeddable":true,"href":"https:\/\/www.mediclinics.com\/es-la\/wp-json\/wp\/v2\/media\/15777"}],"wp:attachment":[{"href":"https:\/\/www.mediclinics.com\/es-la\/wp-json\/wp\/v2\/media?parent=15772"}],"wp:term":[{"taxonomy":"coleccion","embeddable":true,"href":"https:\/\/www.mediclinics.com\/es-la\/wp-json\/wp\/v2\/coleccion?post=15772"},{"taxonomy":"product_brand","embeddable":true,"href":"https:\/\/www.mediclinics.com\/es-la\/wp-json\/wp\/v2\/product_brand?post=15772"},{"taxonomy":"product_cat","embeddable":true,"href":"https:\/\/www.mediclinics.com\/es-la\/wp-json\/wp\/v2\/product_cat?post=15772"},{"taxonomy":"product_tag","embeddable":true,"href":"https:\/\/www.mediclinics.com\/es-la\/wp-json\/wp\/v2\/product_tag?post=15772"}],"curies":[{"name":"wp","href":"https:\/\/api.w.org\/{rel}","templated":true}]}}