{"id":15785,"date":"2025-07-08T15:25:36","date_gmt":"2025-07-08T13:25:36","guid":{"rendered":"https:\/\/www2.mediclinics.com\/product\/machflow-plus-brushless\/"},"modified":"2026-02-27T12:24:16","modified_gmt":"2026-02-27T11:24:16","slug":"machflow-plus-brushless","status":"publish","type":"product","link":"https:\/\/www.mediclinics.com\/es-la\/secadores-manos\/eco-rapidos\/machflow-plus-brushless\/","title":{"rendered":"Machflow Plus Brushless"},"content":{"rendered":"<p>Secador de manos de alta velocidad y de accionamiento autom\u00e1tico, con motor sin escobillas (brushless) que no requiere mantenimiento y que garantiza una larga vida \u00fatil.<br \/>\nDispone de:<\/p>\n<p>\u2022 Un medio filtrante HEPA que filtra las part\u00edculas s\u00f3lidas en suspensi\u00f3n (polen, \u00e1caros del polvo, humo del tabaco, etc) mejorando notablemente la calidad del aire.<br \/>\n\u2022 Puede incorporar un ionizador (tecnolog\u00eda \u201cIon Hygienic\u201d) elimina la mayor\u00eda de los g\u00e9rmenes y las part\u00edculas transportados por el aire, ayudando a que \u00e9ste sea m\u00e1s puro y m\u00e1s saludable.<br \/>\n\u2022 Puede incorporar un kit de montaje\/desmontaje r\u00e1pido de la m\u00e1quina (Kit \u201cPlug-in\u201d c\u00f3digo KTP009) que permite instalar y desinstalar la secadora de manos de forma f\u00e1cil, r\u00e1pida y segura.<br \/>\nRef. con extras opcionales:<br \/>\nM19A-I, M19AB-I, M19AC-I, M19ACS-I (Con ionizador)<\/p>\n","protected":false},"excerpt":{"rendered":"<p>Secador de manos autom\u00e1tico Machflow Plus con motor sin escobillas<\/p>\n","protected":false},"featured_media":15791,"comment_status":"closed","ping_status":"closed","template":"","meta":{"_acf_changed":false},"coleccion":[819,415],"product_brand":[],"product_cat":[888,895,889],"product_tag":[892,897],"class_list":{"0":"post-15785","1":"product","2":"type-product","3":"status-publish","4":"has-post-thumbnail","6":"coleccion-contract","7":"coleccion-elegant","8":"mercado-internacional","9":"product_cat-secadores-manos","10":"product_cat-eco-rapidos","11":"product_cat-frecuencia-paso-alta","12":"product_tag-automatico","13":"product_tag-sin-escobillas","14":"mediclinics-boxed-content","16":"first","17":"instock","18":"product-type-variable"},"acf":[],"_links":{"self":[{"href":"https:\/\/www.mediclinics.com\/es-la\/wp-json\/wp\/v2\/product\/15785","targetHints":{"allow":["GET"]}}],"collection":[{"href":"https:\/\/www.mediclinics.com\/es-la\/wp-json\/wp\/v2\/product"}],"about":[{"href":"https:\/\/www.mediclinics.com\/es-la\/wp-json\/wp\/v2\/types\/product"}],"replies":[{"embeddable":true,"href":"https:\/\/www.mediclinics.com\/es-la\/wp-json\/wp\/v2\/comments?post=15785"}],"wp:featuredmedia":[{"embeddable":true,"href":"https:\/\/www.mediclinics.com\/es-la\/wp-json\/wp\/v2\/media\/15791"}],"wp:attachment":[{"href":"https:\/\/www.mediclinics.com\/es-la\/wp-json\/wp\/v2\/media?parent=15785"}],"wp:term":[{"taxonomy":"coleccion","embeddable":true,"href":"https:\/\/www.mediclinics.com\/es-la\/wp-json\/wp\/v2\/coleccion?post=15785"},{"taxonomy":"product_brand","embeddable":true,"href":"https:\/\/www.mediclinics.com\/es-la\/wp-json\/wp\/v2\/product_brand?post=15785"},{"taxonomy":"product_cat","embeddable":true,"href":"https:\/\/www.mediclinics.com\/es-la\/wp-json\/wp\/v2\/product_cat?post=15785"},{"taxonomy":"product_tag","embeddable":true,"href":"https:\/\/www.mediclinics.com\/es-la\/wp-json\/wp\/v2\/product_tag?post=15785"}],"curies":[{"name":"wp","href":"https:\/\/api.w.org\/{rel}","templated":true}]}}