{"id":15825,"date":"2025-10-15T14:32:21","date_gmt":"2025-10-15T12:32:21","guid":{"rendered":"https:\/\/www2.mediclinics.com\/product\/toallero-de-barra-doble-2\/"},"modified":"2026-01-09T06:10:50","modified_gmt":"2026-01-09T05:10:50","slug":"toallero-barra-doble-2","status":"publish","type":"product","link":"https:\/\/www.mediclinics.com\/es-la\/accesorios-bano\/serie-harmonia\/toallero-barra-doble-2\/","title":{"rendered":"Toallero de barra doble"},"content":{"rendered":"<p>Toallero de doble barra de 600 mm de largo y doble apoyo a pared, con sistema de anclaje a pared oculto,<\/p>\n<p>\u2022 Fabricado en acero inoxidable AISI 304, de la serie Harmon\u00eda de Mediclinics.<br \/>\n\u2022 De dise\u00f1o minimalista, ideal para vestir espacios de ba\u00f1o elegantes y moderno.<br \/>\n\u2022Ofrece una gran durabilidad gracias a su acero inoxidable de alta calidad anticorrosivo y altamente resistente.<br \/>\n\u2022 Se incluye un kit de montaje de acero inoxidable, para una c\u00f3moda, r\u00e1pida y f\u00e1cil instalaci\u00f3n.<\/p>\n","protected":false},"excerpt":{"rendered":"<p>Toallero de barra doble de acero inoxidable AISI 304<\/p>\n","protected":false},"featured_media":15827,"comment_status":"closed","ping_status":"closed","template":"","meta":{"_acf_changed":false},"coleccion":[],"product_brand":[],"product_cat":[856,900],"product_tag":[],"class_list":{"0":"post-15825","1":"product","2":"type-product","3":"status-publish","4":"has-post-thumbnail","6":"mercado-internacional","7":"product_cat-accesorios-bano","8":"product_cat-serie-harmonia","9":"mediclinics-boxed-content","11":"first","12":"instock","13":"product-type-variable"},"acf":[],"_links":{"self":[{"href":"https:\/\/www.mediclinics.com\/es-la\/wp-json\/wp\/v2\/product\/15825","targetHints":{"allow":["GET"]}}],"collection":[{"href":"https:\/\/www.mediclinics.com\/es-la\/wp-json\/wp\/v2\/product"}],"about":[{"href":"https:\/\/www.mediclinics.com\/es-la\/wp-json\/wp\/v2\/types\/product"}],"replies":[{"embeddable":true,"href":"https:\/\/www.mediclinics.com\/es-la\/wp-json\/wp\/v2\/comments?post=15825"}],"wp:featuredmedia":[{"embeddable":true,"href":"https:\/\/www.mediclinics.com\/es-la\/wp-json\/wp\/v2\/media\/15827"}],"wp:attachment":[{"href":"https:\/\/www.mediclinics.com\/es-la\/wp-json\/wp\/v2\/media?parent=15825"}],"wp:term":[{"taxonomy":"coleccion","embeddable":true,"href":"https:\/\/www.mediclinics.com\/es-la\/wp-json\/wp\/v2\/coleccion?post=15825"},{"taxonomy":"product_brand","embeddable":true,"href":"https:\/\/www.mediclinics.com\/es-la\/wp-json\/wp\/v2\/product_brand?post=15825"},{"taxonomy":"product_cat","embeddable":true,"href":"https:\/\/www.mediclinics.com\/es-la\/wp-json\/wp\/v2\/product_cat?post=15825"},{"taxonomy":"product_tag","embeddable":true,"href":"https:\/\/www.mediclinics.com\/es-la\/wp-json\/wp\/v2\/product_tag?post=15825"}],"curies":[{"name":"wp","href":"https:\/\/api.w.org\/{rel}","templated":true}]}}