{"id":15872,"date":"2025-10-15T14:32:30","date_gmt":"2025-10-15T12:32:30","guid":{"rendered":"https:\/\/www2.mediclinics.com\/product\/percha-de-bano-2\/"},"modified":"2026-01-09T06:10:51","modified_gmt":"2026-01-09T05:10:51","slug":"percha-bano-2","status":"publish","type":"product","link":"https:\/\/www.mediclinics.com\/es-la\/accesorios-bano\/serie-harmonia\/percha-bano-2\/","title":{"rendered":"Percha de ba\u00f1o"},"content":{"rendered":"<p>Percha de ba\u00f1o unitaria para fijar a la pared, de l\u00edneas totalmente rectas.<\/p>\n<p>\u2022 Fabricada con acero inoxidable AISI 304, de la serie Harmon\u00eda de Mediclinics.<br \/>\n\u2022 Con acero inoxidable de alta calidad anticorrosivo y altamente resistente.<br \/>\n\u2022 Con un dise\u00f1o actual y minimalista, esta perchas son los accesorios de ba\u00f1o ideales para colocar en espacios elegantes y modernos.<br \/>\n\u2022 Dispone de un sistema de anclaje a pared oculto.<\/p>\n","protected":false},"excerpt":{"rendered":"<p>Percha de ba\u00f1o individual de acero inoxidable AISI 304<\/p>\n","protected":false},"featured_media":15874,"comment_status":"closed","ping_status":"closed","template":"","meta":{"_acf_changed":false},"coleccion":[],"product_brand":[],"product_cat":[856,900],"product_tag":[],"class_list":{"0":"post-15872","1":"product","2":"type-product","3":"status-publish","4":"has-post-thumbnail","6":"mercado-internacional","7":"product_cat-accesorios-bano","8":"product_cat-serie-harmonia","9":"mediclinics-boxed-content","11":"first","12":"instock","13":"product-type-variable"},"acf":[],"_links":{"self":[{"href":"https:\/\/www.mediclinics.com\/es-la\/wp-json\/wp\/v2\/product\/15872","targetHints":{"allow":["GET"]}}],"collection":[{"href":"https:\/\/www.mediclinics.com\/es-la\/wp-json\/wp\/v2\/product"}],"about":[{"href":"https:\/\/www.mediclinics.com\/es-la\/wp-json\/wp\/v2\/types\/product"}],"replies":[{"embeddable":true,"href":"https:\/\/www.mediclinics.com\/es-la\/wp-json\/wp\/v2\/comments?post=15872"}],"wp:featuredmedia":[{"embeddable":true,"href":"https:\/\/www.mediclinics.com\/es-la\/wp-json\/wp\/v2\/media\/15874"}],"wp:attachment":[{"href":"https:\/\/www.mediclinics.com\/es-la\/wp-json\/wp\/v2\/media?parent=15872"}],"wp:term":[{"taxonomy":"coleccion","embeddable":true,"href":"https:\/\/www.mediclinics.com\/es-la\/wp-json\/wp\/v2\/coleccion?post=15872"},{"taxonomy":"product_brand","embeddable":true,"href":"https:\/\/www.mediclinics.com\/es-la\/wp-json\/wp\/v2\/product_brand?post=15872"},{"taxonomy":"product_cat","embeddable":true,"href":"https:\/\/www.mediclinics.com\/es-la\/wp-json\/wp\/v2\/product_cat?post=15872"},{"taxonomy":"product_tag","embeddable":true,"href":"https:\/\/www.mediclinics.com\/es-la\/wp-json\/wp\/v2\/product_tag?post=15872"}],"curies":[{"name":"wp","href":"https:\/\/api.w.org\/{rel}","templated":true}]}}