{"id":15880,"date":"2025-10-15T14:32:30","date_gmt":"2025-10-15T12:32:30","guid":{"rendered":"https:\/\/www2.mediclinics.com\/product\/portarollos-doble-con-estante-2\/"},"modified":"2026-01-09T06:10:51","modified_gmt":"2026-01-09T05:10:51","slug":"portarollos-doble-estante-2","status":"publish","type":"product","link":"https:\/\/www.mediclinics.com\/es-la\/accesorios-bano\/serie-harmonia\/portarollos-doble-estante-2\/","title":{"rendered":"Portarollos doble con estante"},"content":{"rendered":"<p>Portarrollos ba\u00f1o doble con estante plano para depositar el tel\u00e9fono m\u00f3vil, un reloj, etc.<\/p>\n<p>\u2022 De acero inoxidable AISI 304, de la serie Harmon\u00eda de Mediclinics.<br \/>\n\u2022 De dise\u00f1o inteligente y moderno.<br \/>\n\u2022 Apto para la mayor\u00eda de los tama\u00f1os de papel higi\u00e9nico dom\u00e9stico.<br \/>\n\u2022 Incluye torniller\u00eda de acero inoxidable para su fijaci\u00f3n a paredes de ladrillo.<\/p>\n","protected":false},"excerpt":{"rendered":"<p>Portarrollos papel higi\u00e9nico doble para papel higi\u00e9nico con estante de acero inoxidable AISI 304<\/p>\n","protected":false},"featured_media":15882,"comment_status":"closed","ping_status":"closed","template":"","meta":{"_acf_changed":false},"coleccion":[],"product_brand":[],"product_cat":[856,900],"product_tag":[],"class_list":{"0":"post-15880","1":"product","2":"type-product","3":"status-publish","4":"has-post-thumbnail","6":"mercado-internacional","7":"product_cat-accesorios-bano","8":"product_cat-serie-harmonia","9":"mediclinics-boxed-content","11":"first","12":"instock","13":"product-type-variable"},"acf":[],"_links":{"self":[{"href":"https:\/\/www.mediclinics.com\/es-la\/wp-json\/wp\/v2\/product\/15880","targetHints":{"allow":["GET"]}}],"collection":[{"href":"https:\/\/www.mediclinics.com\/es-la\/wp-json\/wp\/v2\/product"}],"about":[{"href":"https:\/\/www.mediclinics.com\/es-la\/wp-json\/wp\/v2\/types\/product"}],"replies":[{"embeddable":true,"href":"https:\/\/www.mediclinics.com\/es-la\/wp-json\/wp\/v2\/comments?post=15880"}],"wp:featuredmedia":[{"embeddable":true,"href":"https:\/\/www.mediclinics.com\/es-la\/wp-json\/wp\/v2\/media\/15882"}],"wp:attachment":[{"href":"https:\/\/www.mediclinics.com\/es-la\/wp-json\/wp\/v2\/media?parent=15880"}],"wp:term":[{"taxonomy":"coleccion","embeddable":true,"href":"https:\/\/www.mediclinics.com\/es-la\/wp-json\/wp\/v2\/coleccion?post=15880"},{"taxonomy":"product_brand","embeddable":true,"href":"https:\/\/www.mediclinics.com\/es-la\/wp-json\/wp\/v2\/product_brand?post=15880"},{"taxonomy":"product_cat","embeddable":true,"href":"https:\/\/www.mediclinics.com\/es-la\/wp-json\/wp\/v2\/product_cat?post=15880"},{"taxonomy":"product_tag","embeddable":true,"href":"https:\/\/www.mediclinics.com\/es-la\/wp-json\/wp\/v2\/product_tag?post=15880"}],"curies":[{"name":"wp","href":"https:\/\/api.w.org\/{rel}","templated":true}]}}