{"id":15902,"date":"2025-10-15T14:33:46","date_gmt":"2025-10-15T12:33:46","guid":{"rendered":"https:\/\/www2.mediclinics.com\/product\/dispensador-de-panuelos-faciales-2\/"},"modified":"2026-01-09T06:10:51","modified_gmt":"2026-01-09T05:10:51","slug":"dispensador-panuelos-faciales-2","status":"publish","type":"product","link":"https:\/\/www.mediclinics.com\/es-la\/accesorios-bano\/serie-medicrom\/dispensador-panuelos-faciales-2\/","title":{"rendered":"Dispensador de pa\u00f1uelos faciales"},"content":{"rendered":"<p>Dispensador manual de pa\u00f1uelos faciales, fabricado en lat\u00f3n cromado, acabado brillante, v\u00e1lido tanto para sobremesa, como para adosar a la pared.<\/p>\n<p>\u2022 Ideal para uso profesional en hoteles, residencias, cl\u00ednicas, guarder\u00edas y tambi\u00e9n para el hogar; modelo apto para colectividades.<br \/>\n\u2022 Capacidad para un paquete de 100 pa\u00f1uelos faciales (no se incluyen).<br \/>\n\u2022 Los tacos y los tornillos para montar a la pared son suministrados junto con el producto.<\/p>\n","protected":false},"excerpt":{"rendered":"<p>Dispensador manual de pa\u00f1uelos faciales, fabricado en lat\u00f3n cromado, acabado brillante<\/p>\n","protected":false},"featured_media":15903,"comment_status":"closed","ping_status":"closed","template":"","meta":{"_acf_changed":false},"coleccion":[],"product_brand":[],"product_cat":[856,857],"product_tag":[],"class_list":{"0":"post-15902","1":"product","2":"type-product","3":"status-publish","4":"has-post-thumbnail","6":"mercado-internacional","7":"product_cat-accesorios-bano","8":"product_cat-serie-medicrom","9":"mediclinics-boxed-content","11":"first","12":"instock","13":"product-type-simple"},"acf":[],"_links":{"self":[{"href":"https:\/\/www.mediclinics.com\/es-la\/wp-json\/wp\/v2\/product\/15902","targetHints":{"allow":["GET"]}}],"collection":[{"href":"https:\/\/www.mediclinics.com\/es-la\/wp-json\/wp\/v2\/product"}],"about":[{"href":"https:\/\/www.mediclinics.com\/es-la\/wp-json\/wp\/v2\/types\/product"}],"replies":[{"embeddable":true,"href":"https:\/\/www.mediclinics.com\/es-la\/wp-json\/wp\/v2\/comments?post=15902"}],"wp:featuredmedia":[{"embeddable":true,"href":"https:\/\/www.mediclinics.com\/es-la\/wp-json\/wp\/v2\/media\/15903"}],"wp:attachment":[{"href":"https:\/\/www.mediclinics.com\/es-la\/wp-json\/wp\/v2\/media?parent=15902"}],"wp:term":[{"taxonomy":"coleccion","embeddable":true,"href":"https:\/\/www.mediclinics.com\/es-la\/wp-json\/wp\/v2\/coleccion?post=15902"},{"taxonomy":"product_brand","embeddable":true,"href":"https:\/\/www.mediclinics.com\/es-la\/wp-json\/wp\/v2\/product_brand?post=15902"},{"taxonomy":"product_cat","embeddable":true,"href":"https:\/\/www.mediclinics.com\/es-la\/wp-json\/wp\/v2\/product_cat?post=15902"},{"taxonomy":"product_tag","embeddable":true,"href":"https:\/\/www.mediclinics.com\/es-la\/wp-json\/wp\/v2\/product_tag?post=15902"}],"curies":[{"name":"wp","href":"https:\/\/api.w.org\/{rel}","templated":true}]}}