{"id":15906,"date":"2025-10-15T14:33:46","date_gmt":"2025-10-15T12:33:46","guid":{"rendered":"https:\/\/www2.mediclinics.com\/product\/jabonera-triangular-con-rejilla\/"},"modified":"2026-01-09T06:10:52","modified_gmt":"2026-01-09T05:10:52","slug":"jabonera-triangular-rejilla","status":"publish","type":"product","link":"https:\/\/www.mediclinics.com\/es-la\/accesorios-bano\/serie-medicrom\/jabonera-triangular-rejilla\/","title":{"rendered":"Jabonera triangular con rejilla"},"content":{"rendered":"<p>Jabonera triangular de rejilla para instalar en un rinc\u00f3n de la pared, formada por un bastidor perimetral superior y una cesta de contenido.<\/p>\n<p>\u2022 Fabricada en lat\u00f3n cromado acabado brillante, con un ba\u00f1o de cromo-n\u00edquel, con un espesor de 9-10 \u03bcm de n\u00edquel y de 0,3-0,4 \u03bcm de cromo.<br \/>\n\u2022 Jabonera de dise\u00f1o curvo y suave, apta para hogar, hosteler\u00eda y colectividades, ideal para ba\u00f1os de habitaciones de hotel.<br \/>\n\u2022 Presenta una gran resistencia a la corrosi\u00f3n y una larga vida \u00fatil.<br \/>\n\u2022 Se adosa a la pared mediante 4 tacos y 4 tornillos, suministrados con el producto.<\/p>\n","protected":false},"excerpt":{"rendered":"<p>Jabonera triangular en lat\u00f3n cromado brillante, con bastidor y cesta, para pared.<\/p>\n","protected":false},"featured_media":15907,"comment_status":"closed","ping_status":"closed","template":"","meta":{"_acf_changed":false},"coleccion":[],"product_brand":[],"product_cat":[856,857],"product_tag":[],"class_list":{"0":"post-15906","1":"product","2":"type-product","3":"status-publish","4":"has-post-thumbnail","6":"mercado-internacional","7":"product_cat-accesorios-bano","8":"product_cat-serie-medicrom","9":"mediclinics-boxed-content","11":"first","12":"instock","13":"product-type-simple"},"acf":[],"_links":{"self":[{"href":"https:\/\/www.mediclinics.com\/es-la\/wp-json\/wp\/v2\/product\/15906","targetHints":{"allow":["GET"]}}],"collection":[{"href":"https:\/\/www.mediclinics.com\/es-la\/wp-json\/wp\/v2\/product"}],"about":[{"href":"https:\/\/www.mediclinics.com\/es-la\/wp-json\/wp\/v2\/types\/product"}],"replies":[{"embeddable":true,"href":"https:\/\/www.mediclinics.com\/es-la\/wp-json\/wp\/v2\/comments?post=15906"}],"wp:featuredmedia":[{"embeddable":true,"href":"https:\/\/www.mediclinics.com\/es-la\/wp-json\/wp\/v2\/media\/15907"}],"wp:attachment":[{"href":"https:\/\/www.mediclinics.com\/es-la\/wp-json\/wp\/v2\/media?parent=15906"}],"wp:term":[{"taxonomy":"coleccion","embeddable":true,"href":"https:\/\/www.mediclinics.com\/es-la\/wp-json\/wp\/v2\/coleccion?post=15906"},{"taxonomy":"product_brand","embeddable":true,"href":"https:\/\/www.mediclinics.com\/es-la\/wp-json\/wp\/v2\/product_brand?post=15906"},{"taxonomy":"product_cat","embeddable":true,"href":"https:\/\/www.mediclinics.com\/es-la\/wp-json\/wp\/v2\/product_cat?post=15906"},{"taxonomy":"product_tag","embeddable":true,"href":"https:\/\/www.mediclinics.com\/es-la\/wp-json\/wp\/v2\/product_tag?post=15906"}],"curies":[{"name":"wp","href":"https:\/\/api.w.org\/{rel}","templated":true}]}}