{"id":15918,"date":"2025-10-15T14:33:56","date_gmt":"2025-10-15T12:33:56","guid":{"rendered":"https:\/\/www2.mediclinics.com\/product\/barra-de-apoyo-recta-de-387mm\/"},"modified":"2026-01-09T06:10:52","modified_gmt":"2026-01-09T05:10:52","slug":"barra-apoyo-recta-387mm","status":"publish","type":"product","link":"https:\/\/www.mediclinics.com\/es-la\/barras-apoyo\/acero-inoxidable\/barra-apoyo-recta-387mm\/","title":{"rendered":"Barra de apoyo recta de 387mm"},"content":{"rendered":"<p>Barra recta de dos puntos de apoyo, con embellecedores, se puede instalar horizontal o verticalmente.<\/p>\n<p>\u2022 Fabricada con tubo de acero inoxidable AISI 304, de di\u00e1metro 32 mm.<br \/>\n\u2022 Barra de apoyo simple y elegante, con dos embellecedores que ocultan tornillos y realzan su est\u00e9tica.<br \/>\n\u2022 Barra dise\u00f1ada para mayor soporte y seguridad, ideal para ba\u00f1os p\u00fablicos y privados.<br \/>\n\u2022 Barra recta en 6 medidas, instalable en ba\u00f1era, ducha, inodoro o lavamanos.<br \/>\n\u2022 Incluye opcionalmente kit de aislamiento el\u00e9ctrico y torniller\u00eda de acero inoxidable para pared de ladrillo.<\/p>\n","protected":false},"excerpt":{"rendered":"<p>Barra de apoyo recta en acero inoxidable AISI 304<\/p>\n","protected":false},"featured_media":15920,"comment_status":"closed","ping_status":"closed","template":"","meta":{"_acf_changed":false},"coleccion":[],"product_brand":[],"product_cat":[865,858],"product_tag":[861],"class_list":{"0":"post-15918","1":"product","2":"type-product","3":"status-publish","4":"has-post-thumbnail","6":"mercado-internacional","7":"product_cat-acero-inoxidable","8":"product_cat-barras-apoyo","9":"product_tag-barras-rectas","10":"mediclinics-boxed-content","12":"first","13":"instock","14":"product-type-variable"},"acf":[],"_links":{"self":[{"href":"https:\/\/www.mediclinics.com\/es-la\/wp-json\/wp\/v2\/product\/15918","targetHints":{"allow":["GET"]}}],"collection":[{"href":"https:\/\/www.mediclinics.com\/es-la\/wp-json\/wp\/v2\/product"}],"about":[{"href":"https:\/\/www.mediclinics.com\/es-la\/wp-json\/wp\/v2\/types\/product"}],"replies":[{"embeddable":true,"href":"https:\/\/www.mediclinics.com\/es-la\/wp-json\/wp\/v2\/comments?post=15918"}],"wp:featuredmedia":[{"embeddable":true,"href":"https:\/\/www.mediclinics.com\/es-la\/wp-json\/wp\/v2\/media\/15920"}],"wp:attachment":[{"href":"https:\/\/www.mediclinics.com\/es-la\/wp-json\/wp\/v2\/media?parent=15918"}],"wp:term":[{"taxonomy":"coleccion","embeddable":true,"href":"https:\/\/www.mediclinics.com\/es-la\/wp-json\/wp\/v2\/coleccion?post=15918"},{"taxonomy":"product_brand","embeddable":true,"href":"https:\/\/www.mediclinics.com\/es-la\/wp-json\/wp\/v2\/product_brand?post=15918"},{"taxonomy":"product_cat","embeddable":true,"href":"https:\/\/www.mediclinics.com\/es-la\/wp-json\/wp\/v2\/product_cat?post=15918"},{"taxonomy":"product_tag","embeddable":true,"href":"https:\/\/www.mediclinics.com\/es-la\/wp-json\/wp\/v2\/product_tag?post=15918"}],"curies":[{"name":"wp","href":"https:\/\/api.w.org\/{rel}","templated":true}]}}