{"id":15962,"date":"2025-10-15T14:34:05","date_gmt":"2025-10-15T12:34:05","guid":{"rendered":"https:\/\/www2.mediclinics.com\/product\/barra-de-apoyo-con-angulo-de-90o-2\/"},"modified":"2026-01-09T06:10:53","modified_gmt":"2026-01-09T05:10:53","slug":"barra-apoyo-angulo-90o-2","status":"publish","type":"product","link":"https:\/\/www.mediclinics.com\/es-la\/barras-apoyo\/acero-inoxidable\/barra-apoyo-angulo-90o-2\/","title":{"rendered":"Barra de apoyo con \u00e1ngulo de 90\u00ba"},"content":{"rendered":"<p>Barra de apoyo con flor\u00f3n, tres puntos de apoyo a pared y \u00e1ngulo de 90\u00b0.<\/p>\n<p>\u2022 Fabricada en acero inoxidable AISI 304, tubo de 32 mm, forma \u201cL\u201d asim\u00e9trica con lados de 700 mm y 375 mm.<br \/>\n\u2022 Incluye florones embellecedores de acero inoxidable AISI 304 que ocultan la fijaci\u00f3n y mejoran la est\u00e9tica tras la instalaci\u00f3n.<br \/>\n\u2022 Barra para ba\u00f1os accesibles que brinda soporte y seguridad a personas mayores o con movilidad reducida. Apta para colectividades.<br \/>\n\u2022 Incluye opcionalmente kit de aislamiento el\u00e9ctrico y torniller\u00eda de acero inoxidable para pared de ladrillo.<\/p>\n","protected":false},"excerpt":{"rendered":"<p>Barra en \u00e1ngulo 90\u00b0 a pared con tres apoyos, en acero inoxidable AISI 304<\/p>\n","protected":false},"featured_media":15964,"comment_status":"closed","ping_status":"closed","template":"","meta":{"_acf_changed":false},"coleccion":[],"product_brand":[],"product_cat":[865,858],"product_tag":[867],"class_list":{"0":"post-15962","1":"product","2":"type-product","3":"status-publish","4":"has-post-thumbnail","6":"mercado-internacional","7":"product_cat-acero-inoxidable","8":"product_cat-barras-apoyo","9":"product_tag-barras-angulares","10":"mediclinics-boxed-content","12":"first","13":"instock","14":"product-type-variable"},"acf":[],"_links":{"self":[{"href":"https:\/\/www.mediclinics.com\/es-la\/wp-json\/wp\/v2\/product\/15962","targetHints":{"allow":["GET"]}}],"collection":[{"href":"https:\/\/www.mediclinics.com\/es-la\/wp-json\/wp\/v2\/product"}],"about":[{"href":"https:\/\/www.mediclinics.com\/es-la\/wp-json\/wp\/v2\/types\/product"}],"replies":[{"embeddable":true,"href":"https:\/\/www.mediclinics.com\/es-la\/wp-json\/wp\/v2\/comments?post=15962"}],"wp:featuredmedia":[{"embeddable":true,"href":"https:\/\/www.mediclinics.com\/es-la\/wp-json\/wp\/v2\/media\/15964"}],"wp:attachment":[{"href":"https:\/\/www.mediclinics.com\/es-la\/wp-json\/wp\/v2\/media?parent=15962"}],"wp:term":[{"taxonomy":"coleccion","embeddable":true,"href":"https:\/\/www.mediclinics.com\/es-la\/wp-json\/wp\/v2\/coleccion?post=15962"},{"taxonomy":"product_brand","embeddable":true,"href":"https:\/\/www.mediclinics.com\/es-la\/wp-json\/wp\/v2\/product_brand?post=15962"},{"taxonomy":"product_cat","embeddable":true,"href":"https:\/\/www.mediclinics.com\/es-la\/wp-json\/wp\/v2\/product_cat?post=15962"},{"taxonomy":"product_tag","embeddable":true,"href":"https:\/\/www.mediclinics.com\/es-la\/wp-json\/wp\/v2\/product_tag?post=15962"}],"curies":[{"name":"wp","href":"https:\/\/api.w.org\/{rel}","templated":true}]}}