{"id":16009,"date":"2025-10-15T14:34:15","date_gmt":"2025-10-15T12:34:15","guid":{"rendered":"https:\/\/www2.mediclinics.com\/product\/barra-de-apoyo-a-pared-suelo-2\/"},"modified":"2026-01-09T06:10:54","modified_gmt":"2026-01-09T05:10:54","slug":"barra-apoyo-pared-suelo-2","status":"publish","type":"product","link":"https:\/\/www.mediclinics.com\/es-la\/barras-apoyo\/acero-inoxidable\/barra-apoyo-pared-suelo-2\/","title":{"rendered":"Barra de apoyo a pared &#8211; suelo"},"content":{"rendered":"<p>Barras de apoyo pared-suelo, con tres puntos de anclaje y \u00e1ngulo de 90\u00b0.<\/p>\n<p>Fabricada en acero inoxidable AISI 304, tubo de 32 mm en forma de \u201cL\u201d a 90\u00ba con brazo lateral soldado tambi\u00e9n de 32 mm y 90\u00ba.<br \/>\n\u2022 Incorporan florones embellecedores de acero inoxidable AISI 304 que ocultan tornillos y mejoran la est\u00e9tica tras la instalaci\u00f3n.<br \/>\n\u2022 Barras de apoyo que brindan soporte y comodidad, haciendo el ba\u00f1o m\u00e1s seguro para personas mayores o con movilidad reducida.<br \/>\n\u2022 Dise\u00f1adas para ba\u00f1os p\u00fablicos accesibles, con alta durabilidad y resistencia a la oxidaci\u00f3n.<br \/>\n\u2022 Opcionalmente, pueden aislarse el\u00e9ctricamente con el kit KA0020. Incluyen tacos y tornillos para pared de ladrillo.<\/p>\n","protected":false},"excerpt":{"rendered":"<p>Barras de acero inoxidable 32 mm, 3 anclajes, \u00e1ngulo 90\u00b0<\/p>\n","protected":false},"featured_media":16011,"comment_status":"closed","ping_status":"closed","template":"","meta":{"_acf_changed":false},"coleccion":[],"product_brand":[],"product_cat":[865,858],"product_tag":[866],"class_list":{"0":"post-16009","1":"product","2":"type-product","3":"status-publish","4":"has-post-thumbnail","6":"mercado-internacional","7":"product_cat-acero-inoxidable","8":"product_cat-barras-apoyo","9":"product_tag-barras-a-pared","10":"mediclinics-boxed-content","12":"first","13":"instock","14":"product-type-variable"},"acf":[],"_links":{"self":[{"href":"https:\/\/www.mediclinics.com\/es-la\/wp-json\/wp\/v2\/product\/16009","targetHints":{"allow":["GET"]}}],"collection":[{"href":"https:\/\/www.mediclinics.com\/es-la\/wp-json\/wp\/v2\/product"}],"about":[{"href":"https:\/\/www.mediclinics.com\/es-la\/wp-json\/wp\/v2\/types\/product"}],"replies":[{"embeddable":true,"href":"https:\/\/www.mediclinics.com\/es-la\/wp-json\/wp\/v2\/comments?post=16009"}],"wp:featuredmedia":[{"embeddable":true,"href":"https:\/\/www.mediclinics.com\/es-la\/wp-json\/wp\/v2\/media\/16011"}],"wp:attachment":[{"href":"https:\/\/www.mediclinics.com\/es-la\/wp-json\/wp\/v2\/media?parent=16009"}],"wp:term":[{"taxonomy":"coleccion","embeddable":true,"href":"https:\/\/www.mediclinics.com\/es-la\/wp-json\/wp\/v2\/coleccion?post=16009"},{"taxonomy":"product_brand","embeddable":true,"href":"https:\/\/www.mediclinics.com\/es-la\/wp-json\/wp\/v2\/product_brand?post=16009"},{"taxonomy":"product_cat","embeddable":true,"href":"https:\/\/www.mediclinics.com\/es-la\/wp-json\/wp\/v2\/product_cat?post=16009"},{"taxonomy":"product_tag","embeddable":true,"href":"https:\/\/www.mediclinics.com\/es-la\/wp-json\/wp\/v2\/product_tag?post=16009"}],"curies":[{"name":"wp","href":"https:\/\/api.w.org\/{rel}","templated":true}]}}