{"id":16036,"date":"2025-10-15T14:34:15","date_gmt":"2025-10-15T12:34:15","guid":{"rendered":"https:\/\/www2.mediclinics.com\/product\/barra-de-apoyo-abatible-horizontal\/"},"modified":"2026-01-09T06:10:55","modified_gmt":"2026-01-09T05:10:55","slug":"barra-apoyo-abatible-horizontal","status":"publish","type":"product","link":"https:\/\/www.mediclinics.com\/es-la\/barras-apoyo\/acero-inoxidable\/barra-apoyo-abatible-horizontal\/","title":{"rendered":"Barra de apoyo abatible horizontal"},"content":{"rendered":"<p>Barra de apoyo abatible trapezoidal, de giro horizontal, con dos puntos de apoyo fijados a pared y suelo y portarrollos.<\/p>\n<p>Fabricada con tubo de acero inoxidable AISI 304, acabado satinado, de di\u00e1metro 32 mm.<br \/>\n\u2022 Adecuada para lavabos accesibles a personas mayores o con movilidad reducida, dise\u00f1ada para ba\u00f1os sin barreras arquitect\u00f3nicas.<br \/>\n\u2022 Sistema de anclaje que bloquea la barra en posici\u00f3n perpendicular, evitando giros accidentales; se desbloquea mediante un mango.<br \/>\n\u2022 Zonas de agarre granuladas para mejor adherencia, con alta durabilidad y resistencia a la oxidaci\u00f3n.<br \/>\n\u2022 Opcionalmente dispone de un Kit para evitar la conductividad el\u00e9ctrica (KA0020).<\/p>\n","protected":false},"excerpt":{"rendered":"<p>Barra de apoyo abatible trapezoidal de giro horizontal, con fijaci\u00f3n a pared y suelo, y portarrollos<\/p>\n","protected":false},"featured_media":16037,"comment_status":"closed","ping_status":"closed","template":"","meta":{"_acf_changed":false},"coleccion":[],"product_brand":[],"product_cat":[865,858],"product_tag":[868],"class_list":{"0":"post-16036","1":"product","2":"type-product","3":"status-publish","4":"has-post-thumbnail","6":"mercado-internacional","7":"product_cat-acero-inoxidable","8":"product_cat-barras-apoyo","9":"product_tag-barras-abatibles","10":"mediclinics-boxed-content","12":"first","13":"instock","14":"product-type-simple"},"acf":[],"_links":{"self":[{"href":"https:\/\/www.mediclinics.com\/es-la\/wp-json\/wp\/v2\/product\/16036","targetHints":{"allow":["GET"]}}],"collection":[{"href":"https:\/\/www.mediclinics.com\/es-la\/wp-json\/wp\/v2\/product"}],"about":[{"href":"https:\/\/www.mediclinics.com\/es-la\/wp-json\/wp\/v2\/types\/product"}],"replies":[{"embeddable":true,"href":"https:\/\/www.mediclinics.com\/es-la\/wp-json\/wp\/v2\/comments?post=16036"}],"wp:featuredmedia":[{"embeddable":true,"href":"https:\/\/www.mediclinics.com\/es-la\/wp-json\/wp\/v2\/media\/16037"}],"wp:attachment":[{"href":"https:\/\/www.mediclinics.com\/es-la\/wp-json\/wp\/v2\/media?parent=16036"}],"wp:term":[{"taxonomy":"coleccion","embeddable":true,"href":"https:\/\/www.mediclinics.com\/es-la\/wp-json\/wp\/v2\/coleccion?post=16036"},{"taxonomy":"product_brand","embeddable":true,"href":"https:\/\/www.mediclinics.com\/es-la\/wp-json\/wp\/v2\/product_brand?post=16036"},{"taxonomy":"product_cat","embeddable":true,"href":"https:\/\/www.mediclinics.com\/es-la\/wp-json\/wp\/v2\/product_cat?post=16036"},{"taxonomy":"product_tag","embeddable":true,"href":"https:\/\/www.mediclinics.com\/es-la\/wp-json\/wp\/v2\/product_tag?post=16036"}],"curies":[{"name":"wp","href":"https:\/\/api.w.org\/{rel}","templated":true}]}}