{"id":16056,"date":"2025-10-15T14:32:11","date_gmt":"2025-10-15T12:32:11","guid":{"rendered":"https:\/\/www2.mediclinics.com\/product\/percha-de-bano\/"},"modified":"2026-01-09T06:10:56","modified_gmt":"2026-01-09T05:10:56","slug":"percha-bano","status":"publish","type":"product","link":"https:\/\/www.mediclinics.com\/es-la\/accesorios-bano\/serie-aura\/percha-bano\/","title":{"rendered":"Percha de ba\u00f1o"},"content":{"rendered":"<p>Percha de ba\u00f1o unitaria en forma de gancho en \u00e1ngulo recto.<\/p>\n<p>\u2022 Fabricada con acero inoxidable AISI 304, de la serie Aura de Mediclinics.<br \/>\n\u2022 Dotadas de un dise\u00f1o actual y minimalista.<br \/>\n\u2022 Estos colgadores de pared presentan una gran durabilidad gracias a su acero inoxidable de alta calidad anticorrosivo y altamente resistente.<br \/>\n\u2022 Sistema de anclaje a pared oculto.<\/p>\n","protected":false},"excerpt":{"rendered":"<p>Percha de ba\u00f1o de acero inoxidable AISI 304<\/p>\n","protected":false},"featured_media":16058,"comment_status":"closed","ping_status":"closed","template":"","meta":{"_acf_changed":false},"coleccion":[],"product_brand":[],"product_cat":[856,899],"product_tag":[],"class_list":{"0":"post-16056","1":"product","2":"type-product","3":"status-publish","4":"has-post-thumbnail","6":"mercado-internacional","7":"product_cat-accesorios-bano","8":"product_cat-serie-aura","9":"mediclinics-boxed-content","11":"first","12":"instock","13":"product-type-variable"},"acf":[],"_links":{"self":[{"href":"https:\/\/www.mediclinics.com\/es-la\/wp-json\/wp\/v2\/product\/16056","targetHints":{"allow":["GET"]}}],"collection":[{"href":"https:\/\/www.mediclinics.com\/es-la\/wp-json\/wp\/v2\/product"}],"about":[{"href":"https:\/\/www.mediclinics.com\/es-la\/wp-json\/wp\/v2\/types\/product"}],"replies":[{"embeddable":true,"href":"https:\/\/www.mediclinics.com\/es-la\/wp-json\/wp\/v2\/comments?post=16056"}],"wp:featuredmedia":[{"embeddable":true,"href":"https:\/\/www.mediclinics.com\/es-la\/wp-json\/wp\/v2\/media\/16058"}],"wp:attachment":[{"href":"https:\/\/www.mediclinics.com\/es-la\/wp-json\/wp\/v2\/media?parent=16056"}],"wp:term":[{"taxonomy":"coleccion","embeddable":true,"href":"https:\/\/www.mediclinics.com\/es-la\/wp-json\/wp\/v2\/coleccion?post=16056"},{"taxonomy":"product_brand","embeddable":true,"href":"https:\/\/www.mediclinics.com\/es-la\/wp-json\/wp\/v2\/product_brand?post=16056"},{"taxonomy":"product_cat","embeddable":true,"href":"https:\/\/www.mediclinics.com\/es-la\/wp-json\/wp\/v2\/product_cat?post=16056"},{"taxonomy":"product_tag","embeddable":true,"href":"https:\/\/www.mediclinics.com\/es-la\/wp-json\/wp\/v2\/product_tag?post=16056"}],"curies":[{"name":"wp","href":"https:\/\/api.w.org\/{rel}","templated":true}]}}