{"id":16064,"date":"2025-10-15T14:32:11","date_gmt":"2025-10-15T12:32:11","guid":{"rendered":"https:\/\/www2.mediclinics.com\/product\/percha-doble-de-bano\/"},"modified":"2026-01-09T06:10:56","modified_gmt":"2026-01-09T05:10:56","slug":"percha-doble-bano","status":"publish","type":"product","link":"https:\/\/www.mediclinics.com\/es-la\/accesorios-bano\/serie-aura\/percha-doble-bano\/","title":{"rendered":"Percha doble de ba\u00f1o"},"content":{"rendered":"<p>Percha de ba\u00f1o de doble terminaci\u00f3n, fabricada en acero inoxidable AISI 304, de la serie Aura de Mediclinics.<\/p>\n<p>\u2022 Con un aire actual y vers\u00e1til, estas perchas de ba\u00f1o combinan est\u00e9tica y funcionalidad.<br \/>\n\u2022 Ayudan a horrar espacio y a mantener el orden dentro del ba\u00f1o.<br \/>\n\u2022 Ofrece una gran durabilidad gracias a su acero inoxidable de alta calidad, anticorrosivo y altamente resistente.<br \/>\n\u2022 Disponen de un sistema de anclaje a pared oculto.<\/p>\n","protected":false},"excerpt":{"rendered":"<p>Percha de ba\u00f1o doble de acero inoxidable AISI 304<\/p>\n","protected":false},"featured_media":16066,"comment_status":"closed","ping_status":"closed","template":"","meta":{"_acf_changed":false},"coleccion":[],"product_brand":[],"product_cat":[856,899],"product_tag":[],"class_list":{"0":"post-16064","1":"product","2":"type-product","3":"status-publish","4":"has-post-thumbnail","6":"mercado-internacional","7":"product_cat-accesorios-bano","8":"product_cat-serie-aura","9":"mediclinics-boxed-content","11":"first","12":"instock","13":"product-type-variable"},"acf":[],"_links":{"self":[{"href":"https:\/\/www.mediclinics.com\/es-la\/wp-json\/wp\/v2\/product\/16064","targetHints":{"allow":["GET"]}}],"collection":[{"href":"https:\/\/www.mediclinics.com\/es-la\/wp-json\/wp\/v2\/product"}],"about":[{"href":"https:\/\/www.mediclinics.com\/es-la\/wp-json\/wp\/v2\/types\/product"}],"replies":[{"embeddable":true,"href":"https:\/\/www.mediclinics.com\/es-la\/wp-json\/wp\/v2\/comments?post=16064"}],"wp:featuredmedia":[{"embeddable":true,"href":"https:\/\/www.mediclinics.com\/es-la\/wp-json\/wp\/v2\/media\/16066"}],"wp:attachment":[{"href":"https:\/\/www.mediclinics.com\/es-la\/wp-json\/wp\/v2\/media?parent=16064"}],"wp:term":[{"taxonomy":"coleccion","embeddable":true,"href":"https:\/\/www.mediclinics.com\/es-la\/wp-json\/wp\/v2\/coleccion?post=16064"},{"taxonomy":"product_brand","embeddable":true,"href":"https:\/\/www.mediclinics.com\/es-la\/wp-json\/wp\/v2\/product_brand?post=16064"},{"taxonomy":"product_cat","embeddable":true,"href":"https:\/\/www.mediclinics.com\/es-la\/wp-json\/wp\/v2\/product_cat?post=16064"},{"taxonomy":"product_tag","embeddable":true,"href":"https:\/\/www.mediclinics.com\/es-la\/wp-json\/wp\/v2\/product_tag?post=16064"}],"curies":[{"name":"wp","href":"https:\/\/api.w.org\/{rel}","templated":true}]}}