{"id":16072,"date":"2025-10-15T14:32:02","date_gmt":"2025-10-15T12:32:02","guid":{"rendered":"https:\/\/www2.mediclinics.com\/product\/senaletica-de-bano-mixto\/"},"modified":"2026-01-09T06:10:56","modified_gmt":"2026-01-09T05:10:56","slug":"senaletica-bano-mixto","status":"publish","type":"product","link":"https:\/\/www.mediclinics.com\/es-la\/senaletica\/senaletica-bano-mixto\/","title":{"rendered":"Se\u00f1al\u00e9tica de ba\u00f1o mixto"},"content":{"rendered":"<p>Se\u00f1alizaciones para comunicaci\u00f3n visual de emplazamientos interiores,  acabado satinado<\/p>\n<p>\u2022 En acero inoxidable AISI 304 (0,5 mm) con gr\u00e1fica en tinta negra.<br \/>\n\u2022 Dise\u00f1adas para comunicar visualmente s\u00edmbolos que permiten identificar f\u00e1cilmente un lugar.<br \/>\n\u2022Ideales para se\u00f1alizaci\u00f3n interior en espacios p\u00fablicos, aportando elegancia sin alterar la est\u00e9tica.<br \/>\n\u2022 Se adhieren a la superficie mediante cinta auto-adhesiva de doble cara.<br \/>\n\u2022 Anti vand\u00e1licas y f\u00e1ciles de limpiar.<\/p>\n","protected":false},"excerpt":{"rendered":"<p>Se\u00f1al autoadhesiva para ba\u00f1o unisex, en acero inoxidable satinado AISI 304, con gr\u00e1fico negro impreso.<\/p>\n","protected":false},"featured_media":16073,"comment_status":"closed","ping_status":"closed","template":"","meta":{"_acf_changed":false},"coleccion":[],"product_brand":[],"product_cat":[901],"product_tag":[],"class_list":{"0":"post-16072","1":"product","2":"type-product","3":"status-publish","4":"has-post-thumbnail","6":"mercado-internacional","7":"product_cat-senaletica","8":"mediclinics-boxed-content","10":"first","11":"instock","12":"product-type-simple"},"acf":[],"_links":{"self":[{"href":"https:\/\/www.mediclinics.com\/es-la\/wp-json\/wp\/v2\/product\/16072","targetHints":{"allow":["GET"]}}],"collection":[{"href":"https:\/\/www.mediclinics.com\/es-la\/wp-json\/wp\/v2\/product"}],"about":[{"href":"https:\/\/www.mediclinics.com\/es-la\/wp-json\/wp\/v2\/types\/product"}],"replies":[{"embeddable":true,"href":"https:\/\/www.mediclinics.com\/es-la\/wp-json\/wp\/v2\/comments?post=16072"}],"wp:featuredmedia":[{"embeddable":true,"href":"https:\/\/www.mediclinics.com\/es-la\/wp-json\/wp\/v2\/media\/16073"}],"wp:attachment":[{"href":"https:\/\/www.mediclinics.com\/es-la\/wp-json\/wp\/v2\/media?parent=16072"}],"wp:term":[{"taxonomy":"coleccion","embeddable":true,"href":"https:\/\/www.mediclinics.com\/es-la\/wp-json\/wp\/v2\/coleccion?post=16072"},{"taxonomy":"product_brand","embeddable":true,"href":"https:\/\/www.mediclinics.com\/es-la\/wp-json\/wp\/v2\/product_brand?post=16072"},{"taxonomy":"product_cat","embeddable":true,"href":"https:\/\/www.mediclinics.com\/es-la\/wp-json\/wp\/v2\/product_cat?post=16072"},{"taxonomy":"product_tag","embeddable":true,"href":"https:\/\/www.mediclinics.com\/es-la\/wp-json\/wp\/v2\/product_tag?post=16072"}],"curies":[{"name":"wp","href":"https:\/\/api.w.org\/{rel}","templated":true}]}}