{"id":16076,"date":"2025-10-15T14:32:02","date_gmt":"2025-10-15T12:32:02","guid":{"rendered":"https:\/\/www2.mediclinics.com\/product\/senaletica-de-bano-para-hombres\/"},"modified":"2026-01-09T06:10:57","modified_gmt":"2026-01-09T05:10:57","slug":"senaletica-bano-hombres","status":"publish","type":"product","link":"https:\/\/www.mediclinics.com\/es-la\/senaletica\/senaletica-bano-hombres\/","title":{"rendered":"Se\u00f1aletica de ba\u00f1o para hombres"},"content":{"rendered":"<p>Se\u00f1alizaciones para comunicaci\u00f3n visual de emplazamientos interiores, acabado satinado.<\/p>\n<p>\u2022 Fabricadas en acero inoxidable AISI 304 (0,5 mm) con gr\u00e1fica en tinta negra.<br \/>\n\u2022 Dise\u00f1adas para comunicar s\u00edmbolos que permiten identificar intuitivamente un lugar.<br \/>\n\u2022 Perfectas para se\u00f1alizaci\u00f3n interior en espacios p\u00fablicos, gracias a su elegancia que no altera la est\u00e9tica.<br \/>\n\u2022 Se adhieren a la superficie mediante cinta auto-adhesiva de doble cara.<br \/>\n\u2022 Anti vand\u00e1licas y f\u00e1ciles de limpiar.<\/p>\n","protected":false},"excerpt":{"rendered":"<p>Se\u00f1al autoadhesiva para ba\u00f1o de hombre, en acero inoxidable AISI 304 satinado, con gr\u00e1fica negra impresa.<\/p>\n","protected":false},"featured_media":16077,"comment_status":"closed","ping_status":"closed","template":"","meta":{"_acf_changed":false},"coleccion":[],"product_brand":[],"product_cat":[901],"product_tag":[],"class_list":{"0":"post-16076","1":"product","2":"type-product","3":"status-publish","4":"has-post-thumbnail","6":"mercado-internacional","7":"product_cat-senaletica","8":"mediclinics-boxed-content","10":"first","11":"instock","12":"product-type-simple"},"acf":[],"_links":{"self":[{"href":"https:\/\/www.mediclinics.com\/es-la\/wp-json\/wp\/v2\/product\/16076","targetHints":{"allow":["GET"]}}],"collection":[{"href":"https:\/\/www.mediclinics.com\/es-la\/wp-json\/wp\/v2\/product"}],"about":[{"href":"https:\/\/www.mediclinics.com\/es-la\/wp-json\/wp\/v2\/types\/product"}],"replies":[{"embeddable":true,"href":"https:\/\/www.mediclinics.com\/es-la\/wp-json\/wp\/v2\/comments?post=16076"}],"wp:featuredmedia":[{"embeddable":true,"href":"https:\/\/www.mediclinics.com\/es-la\/wp-json\/wp\/v2\/media\/16077"}],"wp:attachment":[{"href":"https:\/\/www.mediclinics.com\/es-la\/wp-json\/wp\/v2\/media?parent=16076"}],"wp:term":[{"taxonomy":"coleccion","embeddable":true,"href":"https:\/\/www.mediclinics.com\/es-la\/wp-json\/wp\/v2\/coleccion?post=16076"},{"taxonomy":"product_brand","embeddable":true,"href":"https:\/\/www.mediclinics.com\/es-la\/wp-json\/wp\/v2\/product_brand?post=16076"},{"taxonomy":"product_cat","embeddable":true,"href":"https:\/\/www.mediclinics.com\/es-la\/wp-json\/wp\/v2\/product_cat?post=16076"},{"taxonomy":"product_tag","embeddable":true,"href":"https:\/\/www.mediclinics.com\/es-la\/wp-json\/wp\/v2\/product_tag?post=16076"}],"curies":[{"name":"wp","href":"https:\/\/api.w.org\/{rel}","templated":true}]}}