{"id":16118,"date":"2025-10-15T14:31:52","date_gmt":"2025-10-15T12:31:52","guid":{"rendered":"https:\/\/www2.mediclinics.com\/product\/surtidores-de-agua-de-red-a-suelo-de-acero-inoxidable-de-800mm-de-altura\/"},"modified":"2026-01-09T06:10:58","modified_gmt":"2026-01-09T05:10:58","slug":"surtidores-agua-red-suelo-acero-inoxidable-800mm-altura","status":"publish","type":"product","link":"https:\/\/www.mediclinics.com\/es-la\/fuentes-surtidores-agua\/surtidores-agua-red\/surtidores-agua-red-suelo-acero-inoxidable-800mm-altura\/","title":{"rendered":"Surtidores de agua de red a suelo de acero inoxidable de 800mm de altura"},"content":{"rendered":"<p>Fuente de agua de red de 800mm de altura, acabado satinado.<\/p>\n<p>\u2022 Acero inoxidable AISI 304 bacteriost\u00e1tico (0,8 mm), alta protecci\u00f3n contra corrosi\u00f3n y vandalismo.<br \/>\n\u2022 Para ambientes p\u00fablicos con alto tr\u00e1fico: escuelas, aeropuertos, centros comerciales.<br \/>\n\u2022 F\u00e1cil conexi\u00f3n a red de agua potable, suministro constante a temperatura ambiente.<br \/>\n\u2022 Surtidor con cubeta contorneada, cantos redondeados para evitar lesiones, m\u00e1xima higiene y f\u00e1cil mantenimiento.<br \/>\n\u2022 Surtidor de lat\u00f3n cromado, anticorrosi\u00f3n, con cierre instant\u00e1neo, flujo ajustable y rosca M3\/8&#8221;.<br \/>\n\u2022 Salida de agua vertical empotrada \u00d8 1\u00bc&#8221;, con latiguillo flexible y elementos de fijaci\u00f3n incluidos.<\/p>\n","protected":false},"excerpt":{"rendered":"<p>Fuente de agua potable de red antivand\u00e1lica para instalar en el suelo, de 800 mm de altura<\/p>\n","protected":false},"featured_media":16119,"comment_status":"closed","ping_status":"closed","template":"","meta":{"_acf_changed":false},"coleccion":[],"product_brand":[],"product_cat":[902,903],"product_tag":[],"class_list":{"0":"post-16118","1":"product","2":"type-product","3":"status-publish","4":"has-post-thumbnail","6":"mercado-internacional","7":"product_cat-fuentes-surtidores-agua","8":"product_cat-surtidores-agua-red","9":"mediclinics-boxed-content","11":"first","12":"instock","13":"product-type-simple"},"acf":[],"_links":{"self":[{"href":"https:\/\/www.mediclinics.com\/es-la\/wp-json\/wp\/v2\/product\/16118","targetHints":{"allow":["GET"]}}],"collection":[{"href":"https:\/\/www.mediclinics.com\/es-la\/wp-json\/wp\/v2\/product"}],"about":[{"href":"https:\/\/www.mediclinics.com\/es-la\/wp-json\/wp\/v2\/types\/product"}],"replies":[{"embeddable":true,"href":"https:\/\/www.mediclinics.com\/es-la\/wp-json\/wp\/v2\/comments?post=16118"}],"wp:featuredmedia":[{"embeddable":true,"href":"https:\/\/www.mediclinics.com\/es-la\/wp-json\/wp\/v2\/media\/16119"}],"wp:attachment":[{"href":"https:\/\/www.mediclinics.com\/es-la\/wp-json\/wp\/v2\/media?parent=16118"}],"wp:term":[{"taxonomy":"coleccion","embeddable":true,"href":"https:\/\/www.mediclinics.com\/es-la\/wp-json\/wp\/v2\/coleccion?post=16118"},{"taxonomy":"product_brand","embeddable":true,"href":"https:\/\/www.mediclinics.com\/es-la\/wp-json\/wp\/v2\/product_brand?post=16118"},{"taxonomy":"product_cat","embeddable":true,"href":"https:\/\/www.mediclinics.com\/es-la\/wp-json\/wp\/v2\/product_cat?post=16118"},{"taxonomy":"product_tag","embeddable":true,"href":"https:\/\/www.mediclinics.com\/es-la\/wp-json\/wp\/v2\/product_tag?post=16118"}],"curies":[{"name":"wp","href":"https:\/\/api.w.org\/{rel}","templated":true}]}}