{"id":16122,"date":"2025-10-15T14:31:52","date_gmt":"2025-10-15T12:31:52","guid":{"rendered":"https:\/\/www2.mediclinics.com\/product\/surtidores-de-agua-de-red-a-pared\/"},"modified":"2026-01-09T06:10:59","modified_gmt":"2026-01-09T05:10:59","slug":"surtidores-agua-red-pared","status":"publish","type":"product","link":"https:\/\/www.mediclinics.com\/es-la\/fuentes-surtidores-agua\/surtidores-agua-red\/surtidores-agua-red-pared\/","title":{"rendered":"Surtidores de agua de red a pared"},"content":{"rendered":"<p>Fuente de agua de red a temperatura ambiente para adosar a la pared, con conexi\u00f3n a la red de agua de boca, acabado satinado.<\/p>\n<p>\u2022 Fabricada con acero inoxidable AISI 304, de 1 mm de espesor.<br \/>\n\u2022 Perfecta para espacios p\u00fablicos interiores y exteriores: colegios, aeropuertos, f\u00e1bricas, y m\u00e1s. Resistente y duradera.<br \/>\n\u2022 F\u00e1cil conexi\u00f3n a red de agua potable, con suministro constante a temperatura ambiente.<br \/>\n\u2022 Dise\u00f1o higi\u00e9nico y de f\u00e1cil mantenimiento con curvas redondeadas y cubeta anti-salpicaduras.<br \/>\n\u2022 Surtidor y grifo de cuello de cisne de lat\u00f3n cromado, robustos y anticorrosi\u00f3n. Torniller\u00eda incluida; latiguillos no suministrados.<\/p>\n","protected":false},"excerpt":{"rendered":"<p>Fuente de agua de red a temperatura ambiente para adosar a la pared<\/p>\n","protected":false},"featured_media":16123,"comment_status":"closed","ping_status":"closed","template":"","meta":{"_acf_changed":false},"coleccion":[],"product_brand":[],"product_cat":[902,903],"product_tag":[],"class_list":{"0":"post-16122","1":"product","2":"type-product","3":"status-publish","4":"has-post-thumbnail","6":"mercado-internacional","7":"product_cat-fuentes-surtidores-agua","8":"product_cat-surtidores-agua-red","9":"mediclinics-boxed-content","11":"first","12":"instock","13":"product-type-simple"},"acf":[],"_links":{"self":[{"href":"https:\/\/www.mediclinics.com\/es-la\/wp-json\/wp\/v2\/product\/16122","targetHints":{"allow":["GET"]}}],"collection":[{"href":"https:\/\/www.mediclinics.com\/es-la\/wp-json\/wp\/v2\/product"}],"about":[{"href":"https:\/\/www.mediclinics.com\/es-la\/wp-json\/wp\/v2\/types\/product"}],"replies":[{"embeddable":true,"href":"https:\/\/www.mediclinics.com\/es-la\/wp-json\/wp\/v2\/comments?post=16122"}],"wp:featuredmedia":[{"embeddable":true,"href":"https:\/\/www.mediclinics.com\/es-la\/wp-json\/wp\/v2\/media\/16123"}],"wp:attachment":[{"href":"https:\/\/www.mediclinics.com\/es-la\/wp-json\/wp\/v2\/media?parent=16122"}],"wp:term":[{"taxonomy":"coleccion","embeddable":true,"href":"https:\/\/www.mediclinics.com\/es-la\/wp-json\/wp\/v2\/coleccion?post=16122"},{"taxonomy":"product_brand","embeddable":true,"href":"https:\/\/www.mediclinics.com\/es-la\/wp-json\/wp\/v2\/product_brand?post=16122"},{"taxonomy":"product_cat","embeddable":true,"href":"https:\/\/www.mediclinics.com\/es-la\/wp-json\/wp\/v2\/product_cat?post=16122"},{"taxonomy":"product_tag","embeddable":true,"href":"https:\/\/www.mediclinics.com\/es-la\/wp-json\/wp\/v2\/product_tag?post=16122"}],"curies":[{"name":"wp","href":"https:\/\/api.w.org\/{rel}","templated":true}]}}