{"id":16126,"date":"2025-10-15T14:31:52","date_gmt":"2025-10-15T12:31:52","guid":{"rendered":"https:\/\/www2.mediclinics.com\/product\/rellena-vasos-de-agua-de-red-a-suelo-de-acero-inoxidable-de-915-mm-de-altura\/"},"modified":"2026-01-09T06:10:59","modified_gmt":"2026-01-09T05:10:59","slug":"rellena-vasos-agua-red-suelo-acero-inoxidable-915-mm-altura","status":"publish","type":"product","link":"https:\/\/www.mediclinics.com\/es-la\/fuentes-surtidores-agua\/surtidores-agua-red\/rellena-vasos-agua-red-suelo-acero-inoxidable-915-mm-altura\/","title":{"rendered":"Rellena vasos de agua de red a suelo de acero inoxidable de 915 mm de altura"},"content":{"rendered":"<p>Rellena vasos de agua de red de 915mm de altura, acabado satinado.<\/p>\n<p>\u2022 Fabricada con acero inoxidable AISI 304 bacteriost\u00e1tico, de espesor 0,8 mm.<br \/>\n\u2022 Para \u00e1reas p\u00fablicas con alto tr\u00e1fico. Apta para colectividades.<br \/>\n\u2022 F\u00e1cil conexi\u00f3n a red potable con suministro constante. Incluye latiguillo flexible para conexi\u00f3n.<br \/>\n\u2022 Surtidor con cubeta contorneada anti-salpicaduras. Rellena vasos de lat\u00f3n cromado, cierre instant\u00e1neo, flujo ajustable y rosca M3\/8<br \/>\n\u2022 Cantos redondeados para seguridad e higiene. Desag\u00fce plano, sin tornillos, f\u00e1cil de limpiar y antivand\u00e1lico.<br \/>\n\u2022 Salida vertical empotrada \u00d8 1\u00bc&#8221;. Incluye elementos de fijaci\u00f3n.<\/p>\n","protected":false},"excerpt":{"rendered":"<p>Rellena vasos de agua potable de red antivand\u00e1lica para instalar en el suelo, de 915 mm de altura<\/p>\n","protected":false},"featured_media":16127,"comment_status":"closed","ping_status":"closed","template":"","meta":{"_acf_changed":false},"coleccion":[],"product_brand":[],"product_cat":[902,903],"product_tag":[],"class_list":{"0":"post-16126","1":"product","2":"type-product","3":"status-publish","4":"has-post-thumbnail","6":"mercado-internacional","7":"product_cat-fuentes-surtidores-agua","8":"product_cat-surtidores-agua-red","9":"mediclinics-boxed-content","11":"first","12":"instock","13":"product-type-simple"},"acf":[],"_links":{"self":[{"href":"https:\/\/www.mediclinics.com\/es-la\/wp-json\/wp\/v2\/product\/16126","targetHints":{"allow":["GET"]}}],"collection":[{"href":"https:\/\/www.mediclinics.com\/es-la\/wp-json\/wp\/v2\/product"}],"about":[{"href":"https:\/\/www.mediclinics.com\/es-la\/wp-json\/wp\/v2\/types\/product"}],"replies":[{"embeddable":true,"href":"https:\/\/www.mediclinics.com\/es-la\/wp-json\/wp\/v2\/comments?post=16126"}],"wp:featuredmedia":[{"embeddable":true,"href":"https:\/\/www.mediclinics.com\/es-la\/wp-json\/wp\/v2\/media\/16127"}],"wp:attachment":[{"href":"https:\/\/www.mediclinics.com\/es-la\/wp-json\/wp\/v2\/media?parent=16126"}],"wp:term":[{"taxonomy":"coleccion","embeddable":true,"href":"https:\/\/www.mediclinics.com\/es-la\/wp-json\/wp\/v2\/coleccion?post=16126"},{"taxonomy":"product_brand","embeddable":true,"href":"https:\/\/www.mediclinics.com\/es-la\/wp-json\/wp\/v2\/product_brand?post=16126"},{"taxonomy":"product_cat","embeddable":true,"href":"https:\/\/www.mediclinics.com\/es-la\/wp-json\/wp\/v2\/product_cat?post=16126"},{"taxonomy":"product_tag","embeddable":true,"href":"https:\/\/www.mediclinics.com\/es-la\/wp-json\/wp\/v2\/product_tag?post=16126"}],"curies":[{"name":"wp","href":"https:\/\/api.w.org\/{rel}","templated":true}]}}