{"id":16128,"date":"2025-10-15T14:31:41","date_gmt":"2025-10-15T12:31:41","guid":{"rendered":"https:\/\/www2.mediclinics.com\/product\/lavamanos-mural-de-acero-inox-4\/"},"modified":"2026-01-09T06:10:59","modified_gmt":"2026-01-09T05:10:59","slug":"lavamanos-mural-acero-inox-4","status":"publish","type":"product","link":"https:\/\/www.mediclinics.com\/es-la\/sanitarios-acero-inoxidable\/lavamanos-sanitarios-de-acero-inoxidable\/lavamanos-mural-acero-inox-4\/","title":{"rendered":"Lavamanos mural de acero inox"},"content":{"rendered":"<p>Lavamanos circular anti-vand\u00e1lico con registro inferior, para adosar directamente a la pared.<\/p>\n<p>\u2022 Fabricado en acero inoxidable AISI 304 de 1,2 mm de espesor.<br \/>\n\u2022 Lavamanos con cubeta \u00d8 220 mm, fald\u00f3n, desag\u00fce y orificio para grifo (no incluido).<br \/>\n\u2022 Dise\u00f1ado para espacios reducidos y uso profesional en hosteler\u00eda, alimentaci\u00f3n y sanidad.<br \/>\n\u2022 En su parte inferior dispone de una puerta de registro que facilita su instalaci\u00f3n.<br \/>\n\u2022 Torniller\u00eda de sujeci\u00f3n a pared, grifer\u00eda y latiguillos no subministrados.<\/p>\n","protected":false},"excerpt":{"rendered":"<p>Lavamanos circular anti-vand\u00e1lico para adosar directamente a la pared y con registro inferior<\/p>\n","protected":false},"featured_media":16129,"comment_status":"closed","ping_status":"closed","template":"","meta":{"_acf_changed":false},"coleccion":[],"product_brand":[],"product_cat":[904,905],"product_tag":[906],"class_list":{"0":"post-16128","1":"product","2":"type-product","3":"status-publish","4":"has-post-thumbnail","6":"mercado-internacional","7":"product_cat-sanitarios-acero-inoxidable","8":"product_cat-lavamanos-sanitarios-de-acero-inoxidable","9":"product_tag-mural","10":"mediclinics-boxed-content","12":"first","13":"instock","14":"product-type-simple"},"acf":[],"_links":{"self":[{"href":"https:\/\/www.mediclinics.com\/es-la\/wp-json\/wp\/v2\/product\/16128","targetHints":{"allow":["GET"]}}],"collection":[{"href":"https:\/\/www.mediclinics.com\/es-la\/wp-json\/wp\/v2\/product"}],"about":[{"href":"https:\/\/www.mediclinics.com\/es-la\/wp-json\/wp\/v2\/types\/product"}],"replies":[{"embeddable":true,"href":"https:\/\/www.mediclinics.com\/es-la\/wp-json\/wp\/v2\/comments?post=16128"}],"wp:featuredmedia":[{"embeddable":true,"href":"https:\/\/www.mediclinics.com\/es-la\/wp-json\/wp\/v2\/media\/16129"}],"wp:attachment":[{"href":"https:\/\/www.mediclinics.com\/es-la\/wp-json\/wp\/v2\/media?parent=16128"}],"wp:term":[{"taxonomy":"coleccion","embeddable":true,"href":"https:\/\/www.mediclinics.com\/es-la\/wp-json\/wp\/v2\/coleccion?post=16128"},{"taxonomy":"product_brand","embeddable":true,"href":"https:\/\/www.mediclinics.com\/es-la\/wp-json\/wp\/v2\/product_brand?post=16128"},{"taxonomy":"product_cat","embeddable":true,"href":"https:\/\/www.mediclinics.com\/es-la\/wp-json\/wp\/v2\/product_cat?post=16128"},{"taxonomy":"product_tag","embeddable":true,"href":"https:\/\/www.mediclinics.com\/es-la\/wp-json\/wp\/v2\/product_tag?post=16128"}],"curies":[{"name":"wp","href":"https:\/\/api.w.org\/{rel}","templated":true}]}}