{"id":16130,"date":"2025-10-15T14:31:41","date_gmt":"2025-10-15T12:31:41","guid":{"rendered":"https:\/\/www2.mediclinics.com\/product\/plato-de-ducha-de-acero-inox\/"},"modified":"2026-03-19T13:16:14","modified_gmt":"2026-03-19T12:16:14","slug":"plato-ducha-acero-inox","status":"publish","type":"product","link":"https:\/\/www.mediclinics.com\/es-la\/sanitarios-acero-inoxidable\/otros\/plato-ducha-acero-inox\/","title":{"rendered":"Plato de ducha de acero inox"},"content":{"rendered":"<p>Plato de ducha encastrable y anti-deslizante acabado satinado.<\/p>\n<p>\u2022 Desag\u00fce \u00d8 50 mm en esquina, acero inoxidable AISI 304 de 1 mm satinado.<br \/>\n\u2022 Recomendado para uso intensivo y entornos de alta seguridad, como centros policiales y penitenciarios.<br \/>\n\u2022 Base texturizada antideslizante para evitar accidentes por resbalones.<br \/>\n\u2022 Dispone de un desag\u00fce para su conexi\u00f3n a la red de alcantarillado de di\u00e1metro 90 mm.<br \/>\n\u2022 Facilidad de limpieza, durabilidad y resistencia a la oxidaci\u00f3n.<br \/>\n\u2022 Se suministra con v\u00e1lvula y desag\u00fce.<\/p>\n","protected":false},"excerpt":{"rendered":"<p>Plato de ducha encastrable o para montar en superficie y anti-deslizante<\/p>\n","protected":false},"featured_media":16131,"comment_status":"closed","ping_status":"closed","template":"","meta":{"_acf_changed":false},"coleccion":[],"product_brand":[],"product_cat":[904,907],"product_tag":[],"class_list":{"0":"post-16130","1":"product","2":"type-product","3":"status-publish","4":"has-post-thumbnail","6":"mercado-internacional","7":"product_cat-sanitarios-acero-inoxidable","8":"product_cat-otros","9":"mediclinics-boxed-content","11":"first","12":"instock","13":"product-type-simple"},"acf":[],"_links":{"self":[{"href":"https:\/\/www.mediclinics.com\/es-la\/wp-json\/wp\/v2\/product\/16130","targetHints":{"allow":["GET"]}}],"collection":[{"href":"https:\/\/www.mediclinics.com\/es-la\/wp-json\/wp\/v2\/product"}],"about":[{"href":"https:\/\/www.mediclinics.com\/es-la\/wp-json\/wp\/v2\/types\/product"}],"replies":[{"embeddable":true,"href":"https:\/\/www.mediclinics.com\/es-la\/wp-json\/wp\/v2\/comments?post=16130"}],"wp:featuredmedia":[{"embeddable":true,"href":"https:\/\/www.mediclinics.com\/es-la\/wp-json\/wp\/v2\/media\/16131"}],"wp:attachment":[{"href":"https:\/\/www.mediclinics.com\/es-la\/wp-json\/wp\/v2\/media?parent=16130"}],"wp:term":[{"taxonomy":"coleccion","embeddable":true,"href":"https:\/\/www.mediclinics.com\/es-la\/wp-json\/wp\/v2\/coleccion?post=16130"},{"taxonomy":"product_brand","embeddable":true,"href":"https:\/\/www.mediclinics.com\/es-la\/wp-json\/wp\/v2\/product_brand?post=16130"},{"taxonomy":"product_cat","embeddable":true,"href":"https:\/\/www.mediclinics.com\/es-la\/wp-json\/wp\/v2\/product_cat?post=16130"},{"taxonomy":"product_tag","embeddable":true,"href":"https:\/\/www.mediclinics.com\/es-la\/wp-json\/wp\/v2\/product_tag?post=16130"}],"curies":[{"name":"wp","href":"https:\/\/api.w.org\/{rel}","templated":true}]}}