{"id":16136,"date":"2025-10-15T14:31:41","date_gmt":"2025-10-15T12:31:41","guid":{"rendered":"https:\/\/www2.mediclinics.com\/product\/placa-turca-de-acero-inoxidable\/"},"modified":"2026-01-09T06:11:00","modified_gmt":"2026-01-09T05:11:00","slug":"placa-turca-acero-inoxidable","status":"publish","type":"product","link":"https:\/\/www.mediclinics.com\/es-la\/sanitarios-acero-inoxidable\/otros\/placa-turca-acero-inoxidable\/","title":{"rendered":"Placa turca de acero inoxidable"},"content":{"rendered":"<p>Placa turca anti-vand\u00e1lica para encastrar en el suelo acabado satinado.<\/p>\n<p>\u2022 Fabricada con acero inoxidable AISI 304 bacteriost\u00e1tico, de 1,2 mm de espesor y resistente a la oxidaci\u00f3n.<br \/>\n\u2022 Estructura de una sola pieza que evita acumulaci\u00f3n de suciedad.<br \/>\n\u2022 Placa turca unisex, apta para lavabos de uso intensivo.<br \/>\n\u2022 Borde perimetral, zona antideslizante y boquilla de barrido de agua para mayor seguridad e higiene.<br \/>\n\u2022 Desag\u00fce con salida vertical \u00fanica de \u00d8 100 mm.<\/p>\n","protected":false},"excerpt":{"rendered":"<p>Placa turca antivand\u00e1lica para empotrar en el suelo bacteriost\u00e1tco<\/p>\n","protected":false},"featured_media":16137,"comment_status":"closed","ping_status":"closed","template":"","meta":{"_acf_changed":false},"coleccion":[],"product_brand":[],"product_cat":[904,907],"product_tag":[],"class_list":{"0":"post-16136","1":"product","2":"type-product","3":"status-publish","4":"has-post-thumbnail","6":"mercado-internacional","7":"product_cat-sanitarios-acero-inoxidable","8":"product_cat-otros","9":"mediclinics-boxed-content","11":"first","12":"instock","13":"product-type-simple"},"acf":[],"_links":{"self":[{"href":"https:\/\/www.mediclinics.com\/es-la\/wp-json\/wp\/v2\/product\/16136","targetHints":{"allow":["GET"]}}],"collection":[{"href":"https:\/\/www.mediclinics.com\/es-la\/wp-json\/wp\/v2\/product"}],"about":[{"href":"https:\/\/www.mediclinics.com\/es-la\/wp-json\/wp\/v2\/types\/product"}],"replies":[{"embeddable":true,"href":"https:\/\/www.mediclinics.com\/es-la\/wp-json\/wp\/v2\/comments?post=16136"}],"wp:featuredmedia":[{"embeddable":true,"href":"https:\/\/www.mediclinics.com\/es-la\/wp-json\/wp\/v2\/media\/16137"}],"wp:attachment":[{"href":"https:\/\/www.mediclinics.com\/es-la\/wp-json\/wp\/v2\/media?parent=16136"}],"wp:term":[{"taxonomy":"coleccion","embeddable":true,"href":"https:\/\/www.mediclinics.com\/es-la\/wp-json\/wp\/v2\/coleccion?post=16136"},{"taxonomy":"product_brand","embeddable":true,"href":"https:\/\/www.mediclinics.com\/es-la\/wp-json\/wp\/v2\/product_brand?post=16136"},{"taxonomy":"product_cat","embeddable":true,"href":"https:\/\/www.mediclinics.com\/es-la\/wp-json\/wp\/v2\/product_cat?post=16136"},{"taxonomy":"product_tag","embeddable":true,"href":"https:\/\/www.mediclinics.com\/es-la\/wp-json\/wp\/v2\/product_tag?post=16136"}],"curies":[{"name":"wp","href":"https:\/\/api.w.org\/{rel}","templated":true}]}}