{"id":16147,"date":"2025-10-15T14:31:41","date_gmt":"2025-10-15T12:31:41","guid":{"rendered":"https:\/\/www2.mediclinics.com\/product\/inodoro-suspendido-antivandalico-de-acero-inoxidable\/"},"modified":"2026-01-09T06:11:01","modified_gmt":"2026-01-09T05:11:01","slug":"inodoro-suspendido-antivandalico-acero-inoxidable","status":"publish","type":"product","link":"https:\/\/www.mediclinics.com\/es-la\/sanitarios-acero-inoxidable\/inodoros-urinarios-sanitarios-de-acero-inoxidable\/inodoro-suspendido-antivandalico-acero-inoxidable\/","title":{"rendered":"Inodoro suspendido antivand\u00e1lico de acero inoxidable"},"content":{"rendered":"<p>Inodoro antivand\u00e1lico suspendido, con desag\u00fce horizontal en acabado satinado.<\/p>\n<p>\u2022 Fabricado con acero inoxidable AISI 304 bacteriost\u00e1tico, de 1,5 mm de espesor<br \/>\n\u2022  Inodoro compacto, robusto y antivand\u00e1lico para ba\u00f1os peque\u00f1os y p\u00fablicos.<br \/>\n\u2022 Compatible, taza monobloque pulida, f\u00e1cil limpieza y resistente a la oxidaci\u00f3n.<br \/>\n\u2022 Borde oculto, entrada de agua \u00d8 55 mm y salida de residuos \u00d8 100 mm horizontal.<br \/>\n\u2022 Ahorro de agua: puede funcionar con tan s\u00f3lo 4L de agua.<br \/>\n\u2022 Agujeros pre-taladrados, placa de fijaci\u00f3n y 6 tornillos antirrobo TORX incluidos.<br \/>\n\u2022 Marcado CE, cumple UNE-EN-997 para 4L, compatible con la mayor\u00eda de flux\u00f3metros y cisternas.<\/p>\n","protected":false},"excerpt":{"rendered":"<p>Inodoro antivand\u00e1lico suspendido a pared bacteriost\u00e1tico<\/p>\n","protected":false},"featured_media":16148,"comment_status":"closed","ping_status":"closed","template":"","meta":{"_acf_changed":false},"coleccion":[],"product_brand":[],"product_cat":[904,908],"product_tag":[],"class_list":{"0":"post-16147","1":"product","2":"type-product","3":"status-publish","4":"has-post-thumbnail","6":"mercado-internacional","7":"product_cat-sanitarios-acero-inoxidable","8":"product_cat-inodoros-urinarios-sanitarios-de-acero-inoxidable","9":"mediclinics-boxed-content","11":"first","12":"instock","13":"product-type-simple"},"acf":[],"_links":{"self":[{"href":"https:\/\/www.mediclinics.com\/es-la\/wp-json\/wp\/v2\/product\/16147","targetHints":{"allow":["GET"]}}],"collection":[{"href":"https:\/\/www.mediclinics.com\/es-la\/wp-json\/wp\/v2\/product"}],"about":[{"href":"https:\/\/www.mediclinics.com\/es-la\/wp-json\/wp\/v2\/types\/product"}],"replies":[{"embeddable":true,"href":"https:\/\/www.mediclinics.com\/es-la\/wp-json\/wp\/v2\/comments?post=16147"}],"wp:featuredmedia":[{"embeddable":true,"href":"https:\/\/www.mediclinics.com\/es-la\/wp-json\/wp\/v2\/media\/16148"}],"wp:attachment":[{"href":"https:\/\/www.mediclinics.com\/es-la\/wp-json\/wp\/v2\/media?parent=16147"}],"wp:term":[{"taxonomy":"coleccion","embeddable":true,"href":"https:\/\/www.mediclinics.com\/es-la\/wp-json\/wp\/v2\/coleccion?post=16147"},{"taxonomy":"product_brand","embeddable":true,"href":"https:\/\/www.mediclinics.com\/es-la\/wp-json\/wp\/v2\/product_brand?post=16147"},{"taxonomy":"product_cat","embeddable":true,"href":"https:\/\/www.mediclinics.com\/es-la\/wp-json\/wp\/v2\/product_cat?post=16147"},{"taxonomy":"product_tag","embeddable":true,"href":"https:\/\/www.mediclinics.com\/es-la\/wp-json\/wp\/v2\/product_tag?post=16147"}],"curies":[{"name":"wp","href":"https:\/\/api.w.org\/{rel}","templated":true}]}}