{"id":16213,"date":"2025-10-15T14:31:21","date_gmt":"2025-10-15T12:31:21","guid":{"rendered":"https:\/\/www2.mediclinics.com\/product\/kit-para-empotrar-el-cambiapanes-vertical\/"},"modified":"2026-03-23T17:18:36","modified_gmt":"2026-03-23T16:18:36","slug":"kit-empotrar-cambiapanes-vertical","status":"publish","type":"product","link":"https:\/\/www.mediclinics.com\/es-la\/cambia-panales\/encastrado-cambiapanales\/kit-empotrar-cambiapanes-vertical\/","title":{"rendered":"Kit para empotrar el cambia pa\u00f1ales vertical"},"content":{"rendered":"<p>Kit para empotrar nuestro cambiador de pa\u00f1ales BabyMedi vertical<\/p>\n<p>\u2022 Permite enrasar el cambiador totalmente a la pared una vez \u00e9ste se cierra, no ocupando un espacio innecesario y permitiendo, de esta manera, crear espacios m\u00e1s di\u00e1fanos y libres de obst\u00e1culos.<br \/>\n\u2022 Posibilidad de combinaci\u00f3n de acabados entre el kit para empotrar y el cambiador de pa\u00f1ales para bebe.<br \/>\n\u2022 M\u00e1xima robustez y anti-vandalismo.<br \/>\n\u2022 Excelente integraci\u00f3n y nivel est\u00e9tico.<\/p>\n","protected":false},"excerpt":{"rendered":"<p>Kit para empotrar el cambiador de pa\u00f1ales para ba\u00f1os publicos BabyMedi horizontal a la pared<\/p>\n","protected":false},"featured_media":16221,"comment_status":"closed","ping_status":"closed","template":"","meta":{"_acf_changed":false},"coleccion":[],"product_brand":[],"product_cat":[912,915],"product_tag":[914],"class_list":{"0":"post-16213","1":"product","2":"type-product","3":"status-publish","4":"has-post-thumbnail","6":"mercado-internacional","7":"product_cat-cambia-panales","8":"product_cat-encastrado-cambiapanales","9":"product_tag-vertical","10":"mediclinics-boxed-content","12":"first","13":"instock","14":"product-type-variable"},"acf":[],"_links":{"self":[{"href":"https:\/\/www.mediclinics.com\/es-la\/wp-json\/wp\/v2\/product\/16213","targetHints":{"allow":["GET"]}}],"collection":[{"href":"https:\/\/www.mediclinics.com\/es-la\/wp-json\/wp\/v2\/product"}],"about":[{"href":"https:\/\/www.mediclinics.com\/es-la\/wp-json\/wp\/v2\/types\/product"}],"replies":[{"embeddable":true,"href":"https:\/\/www.mediclinics.com\/es-la\/wp-json\/wp\/v2\/comments?post=16213"}],"wp:featuredmedia":[{"embeddable":true,"href":"https:\/\/www.mediclinics.com\/es-la\/wp-json\/wp\/v2\/media\/16221"}],"wp:attachment":[{"href":"https:\/\/www.mediclinics.com\/es-la\/wp-json\/wp\/v2\/media?parent=16213"}],"wp:term":[{"taxonomy":"coleccion","embeddable":true,"href":"https:\/\/www.mediclinics.com\/es-la\/wp-json\/wp\/v2\/coleccion?post=16213"},{"taxonomy":"product_brand","embeddable":true,"href":"https:\/\/www.mediclinics.com\/es-la\/wp-json\/wp\/v2\/product_brand?post=16213"},{"taxonomy":"product_cat","embeddable":true,"href":"https:\/\/www.mediclinics.com\/es-la\/wp-json\/wp\/v2\/product_cat?post=16213"},{"taxonomy":"product_tag","embeddable":true,"href":"https:\/\/www.mediclinics.com\/es-la\/wp-json\/wp\/v2\/product_tag?post=16213"}],"curies":[{"name":"wp","href":"https:\/\/api.w.org\/{rel}","templated":true}]}}