{"id":16228,"date":"2025-10-15T14:31:21","date_gmt":"2025-10-15T12:31:21","guid":{"rendered":"https:\/\/www2.mediclinics.com\/product\/lavamanos-mural-de-acero-inox\/"},"modified":"2026-01-09T06:11:04","modified_gmt":"2026-01-09T05:11:04","slug":"lavamanos-mural-acero-inox","status":"publish","type":"product","link":"https:\/\/www.mediclinics.com\/es-la\/sanitarios-acero-inoxidable\/lavamanos-sanitarios-de-acero-inoxidable\/lavamanos-mural-acero-inox\/","title":{"rendered":"Lavamanos mural de acero inox"},"content":{"rendered":"<p>Lavamanos mural acero inoxidable AISI 304 bacteriost\u00e1tico de 1,2 mm de espesor, acabado satinado.<\/p>\n<p>\u2022 Lavamanos antivand\u00e1lico de acero inoxidable, resistente a la oxidaci\u00f3n y vers\u00e1til.<br \/>\n\u2022 Dispone de un agujero de \u00d8 35mm para instalar un grifo.<br \/>\n\u2022 Incluye v\u00e1lvula de desag\u00fce de 1\u00bc\u201d.<br \/>\n\u2022 Se suministra con los elementos de sujeci\u00f3n a pared de ladrillo. Grifer\u00eda y latiguillos de conexi\u00f3n no suministrados.<br \/>\n\u2022 Marcado CE. Cumple con la norma espa\u00f1ola\/europea UNE-EN 14688.<\/p>\n","protected":false},"excerpt":{"rendered":"<p>Lavamanos de acero inoxidable bacteriost\u00e1tico<\/p>\n","protected":false},"featured_media":16230,"comment_status":"closed","ping_status":"closed","template":"","meta":{"_acf_changed":false},"coleccion":[],"product_brand":[],"product_cat":[904,905],"product_tag":[911],"class_list":{"0":"post-16228","1":"product","2":"type-product","3":"status-publish","4":"has-post-thumbnail","6":"mercado-internacional","7":"product_cat-sanitarios-acero-inoxidable","8":"product_cat-lavamanos-sanitarios-de-acero-inoxidable","9":"product_tag-empotrable","10":"mediclinics-boxed-content","12":"first","13":"instock","14":"product-type-simple"},"acf":[],"_links":{"self":[{"href":"https:\/\/www.mediclinics.com\/es-la\/wp-json\/wp\/v2\/product\/16228","targetHints":{"allow":["GET"]}}],"collection":[{"href":"https:\/\/www.mediclinics.com\/es-la\/wp-json\/wp\/v2\/product"}],"about":[{"href":"https:\/\/www.mediclinics.com\/es-la\/wp-json\/wp\/v2\/types\/product"}],"replies":[{"embeddable":true,"href":"https:\/\/www.mediclinics.com\/es-la\/wp-json\/wp\/v2\/comments?post=16228"}],"wp:featuredmedia":[{"embeddable":true,"href":"https:\/\/www.mediclinics.com\/es-la\/wp-json\/wp\/v2\/media\/16230"}],"wp:attachment":[{"href":"https:\/\/www.mediclinics.com\/es-la\/wp-json\/wp\/v2\/media?parent=16228"}],"wp:term":[{"taxonomy":"coleccion","embeddable":true,"href":"https:\/\/www.mediclinics.com\/es-la\/wp-json\/wp\/v2\/coleccion?post=16228"},{"taxonomy":"product_brand","embeddable":true,"href":"https:\/\/www.mediclinics.com\/es-la\/wp-json\/wp\/v2\/product_brand?post=16228"},{"taxonomy":"product_cat","embeddable":true,"href":"https:\/\/www.mediclinics.com\/es-la\/wp-json\/wp\/v2\/product_cat?post=16228"},{"taxonomy":"product_tag","embeddable":true,"href":"https:\/\/www.mediclinics.com\/es-la\/wp-json\/wp\/v2\/product_tag?post=16228"}],"curies":[{"name":"wp","href":"https:\/\/api.w.org\/{rel}","templated":true}]}}