{"id":16250,"date":"2025-10-15T14:31:12","date_gmt":"2025-10-15T12:31:12","guid":{"rendered":"https:\/\/www2.mediclinics.com\/product\/cambiapanales-vertical-con-ionizador\/"},"modified":"2026-04-09T11:02:50","modified_gmt":"2026-04-09T09:02:50","slug":"cambiapanales-vertical-ionizador","status":"publish","type":"product","link":"https:\/\/www.mediclinics.com\/es-la\/cambia-panales\/adosado-cambiapanales\/cambiapanales-vertical-ionizador\/","title":{"rendered":"Cambia pa\u00f1ales vertical con ionizador"},"content":{"rendered":"<p><img loading=\"lazy\" decoding=\"async\" class=\" wp-image-9673 alignnone\" src=\"https:\/\/www.mediclinics.com\/wp-content\/uploads\/2025\/10\/European-Product-Design-Awards.png\" alt=\"\" width=\"52\" height=\"45\" \/>\u00a0 <img loading=\"lazy\" decoding=\"async\" class=\"wp-image-34359 alignnone\" src=\"https:\/\/www.mediclinics.com\/wp-content\/uploads\/2025\/10\/iF-DESIGN-AWARD-2026_landscape.jpg-344x176.jpg\" alt=\"\" width=\"90\" height=\"46\" srcset=\"https:\/\/www.mediclinics.com\/wp-content\/uploads\/2025\/10\/iF-DESIGN-AWARD-2026_landscape.jpg-344x176.jpg 344w, https:\/\/www.mediclinics.com\/wp-content\/uploads\/2025\/10\/iF-DESIGN-AWARD-2026_landscape.jpg-1024x524.jpg 1024w, https:\/\/www.mediclinics.com\/wp-content\/uploads\/2025\/10\/iF-DESIGN-AWARD-2026_landscape.jpg-688x352.jpg 688w\" sizes=\"auto, (max-width: 90px) 100vw, 90px\" \/><\/p>\n<p>Cambiador de pa\u00f1ales vertical para instalar directamente en la pared,<\/p>\n<p>\u2022 Fabricado con polipropileno y con exterior de acero inoxidable AISI 304<br \/>\n\u2022 Dise\u00f1o moderno y elegante.<br \/>\n\u2022 Se suministra con un ionizador (tecnolog\u00eda &#8220;Ion Hygienic&#8221;) que neutraliza virus y bacterias gracias a la emisi\u00f3n de iones que los desactiva, ayudando a mantener el cambiador para beb\u00e9s libre de estos microorganismos.<br \/>\n\u2022 El aditivo antimicrobiano Biocote\u00ae, basado en tecnolog\u00eda de iones plata, est\u00e1 directamente incrustado dentro del propio pl\u00e1stico, facilitando la limpieza y reduciendo la proliferaci\u00f3n de microbios.<br \/>\n\u2022 Los cambia pa\u00f1ales BabyMedi\u00ae est\u00e1n certificados de acuerdo a las normas EN 12221-1 y EN 12221-2.<\/p>\n","protected":false},"excerpt":{"rendered":"<p>Cambiapa\u00f1ales vertical de pared en polipropileno y acero, con aditivo antibacteriano e ionizador antiv\u00edrico.<\/p>\n","protected":false},"featured_media":16252,"comment_status":"closed","ping_status":"closed","template":"","meta":{"_acf_changed":false},"coleccion":[819,415],"product_brand":[],"product_cat":[913,912],"product_tag":[914],"class_list":{"0":"post-16250","1":"product","2":"type-product","3":"status-publish","4":"has-post-thumbnail","6":"coleccion-contract","7":"coleccion-elegant","8":"mercado-internacional","9":"product_cat-adosado-cambiapanales","10":"product_cat-cambia-panales","11":"product_tag-vertical","12":"mediclinics-boxed-content","14":"first","15":"instock","16":"product-type-variable"},"acf":[],"_links":{"self":[{"href":"https:\/\/www.mediclinics.com\/es-la\/wp-json\/wp\/v2\/product\/16250","targetHints":{"allow":["GET"]}}],"collection":[{"href":"https:\/\/www.mediclinics.com\/es-la\/wp-json\/wp\/v2\/product"}],"about":[{"href":"https:\/\/www.mediclinics.com\/es-la\/wp-json\/wp\/v2\/types\/product"}],"replies":[{"embeddable":true,"href":"https:\/\/www.mediclinics.com\/es-la\/wp-json\/wp\/v2\/comments?post=16250"}],"wp:featuredmedia":[{"embeddable":true,"href":"https:\/\/www.mediclinics.com\/es-la\/wp-json\/wp\/v2\/media\/16252"}],"wp:attachment":[{"href":"https:\/\/www.mediclinics.com\/es-la\/wp-json\/wp\/v2\/media?parent=16250"}],"wp:term":[{"taxonomy":"coleccion","embeddable":true,"href":"https:\/\/www.mediclinics.com\/es-la\/wp-json\/wp\/v2\/coleccion?post=16250"},{"taxonomy":"product_brand","embeddable":true,"href":"https:\/\/www.mediclinics.com\/es-la\/wp-json\/wp\/v2\/product_brand?post=16250"},{"taxonomy":"product_cat","embeddable":true,"href":"https:\/\/www.mediclinics.com\/es-la\/wp-json\/wp\/v2\/product_cat?post=16250"},{"taxonomy":"product_tag","embeddable":true,"href":"https:\/\/www.mediclinics.com\/es-la\/wp-json\/wp\/v2\/product_tag?post=16250"}],"curies":[{"name":"wp","href":"https:\/\/api.w.org\/{rel}","templated":true}]}}