{"id":16279,"date":"2025-09-30T15:45:14","date_gmt":"2025-09-30T13:45:14","guid":{"rendered":"https:\/\/www2.mediclinics.com\/product\/dispensador-de-papel-higienico-industrial-5\/"},"modified":"2026-01-09T06:11:07","modified_gmt":"2026-01-09T05:11:07","slug":"dispensador-papel-higienico-industrial-5","status":"publish","type":"product","link":"https:\/\/www.mediclinics.com\/es-la\/dispensadores-papel-higienico\/3-rollos\/dispensador-papel-higienico-industrial-5\/","title":{"rendered":"Dispensador de papel higi\u00e9nico industrial"},"content":{"rendered":"<p>Dispensador de 3 rollos de papel higi\u00e9nico dom\u00e9stico est\u00e1ndar<\/p>\n<p>\u2022 Para 1 rollo industrial de di\u00e1metro m\u00e1ximo 275 mm, para adosar a la pared, fabricado con acero inoxidable AISI 304.<br \/>\n\u2022 El eje incorpora un sistema de freno anti-giro por inercia, para optimizar la dispensaci\u00f3n del papel.<br \/>\n\u2022 Dispone de un visor de nivel de contenido de papel en la parte frontal<br \/>\n\u2022 El dispensador de papel higi\u00e9nico dispone de un sistema de apertura superior anti-vand\u00e1lico que se abre con una llave especial suministrada.<\/p>\n","protected":false},"excerpt":{"rendered":"<p>Dispensador de papel higi\u00e9nico de 3 rollos<\/p>\n","protected":false},"featured_media":16285,"comment_status":"closed","ping_status":"closed","template":"","meta":{"_acf_changed":false},"coleccion":[],"product_brand":[],"product_cat":[917,918],"product_tag":[919],"class_list":{"0":"post-16279","1":"product","2":"type-product","3":"status-publish","4":"has-post-thumbnail","6":"mercado-internacional","7":"product_cat-dispensadores-papel-higienico","8":"product_cat-3-rollos","9":"product_tag-275mm","10":"mediclinics-boxed-content","12":"first","13":"instock","14":"product-type-variable"},"acf":[],"_links":{"self":[{"href":"https:\/\/www.mediclinics.com\/es-la\/wp-json\/wp\/v2\/product\/16279","targetHints":{"allow":["GET"]}}],"collection":[{"href":"https:\/\/www.mediclinics.com\/es-la\/wp-json\/wp\/v2\/product"}],"about":[{"href":"https:\/\/www.mediclinics.com\/es-la\/wp-json\/wp\/v2\/types\/product"}],"replies":[{"embeddable":true,"href":"https:\/\/www.mediclinics.com\/es-la\/wp-json\/wp\/v2\/comments?post=16279"}],"wp:featuredmedia":[{"embeddable":true,"href":"https:\/\/www.mediclinics.com\/es-la\/wp-json\/wp\/v2\/media\/16285"}],"wp:attachment":[{"href":"https:\/\/www.mediclinics.com\/es-la\/wp-json\/wp\/v2\/media?parent=16279"}],"wp:term":[{"taxonomy":"coleccion","embeddable":true,"href":"https:\/\/www.mediclinics.com\/es-la\/wp-json\/wp\/v2\/coleccion?post=16279"},{"taxonomy":"product_brand","embeddable":true,"href":"https:\/\/www.mediclinics.com\/es-la\/wp-json\/wp\/v2\/product_brand?post=16279"},{"taxonomy":"product_cat","embeddable":true,"href":"https:\/\/www.mediclinics.com\/es-la\/wp-json\/wp\/v2\/product_cat?post=16279"},{"taxonomy":"product_tag","embeddable":true,"href":"https:\/\/www.mediclinics.com\/es-la\/wp-json\/wp\/v2\/product_tag?post=16279"}],"curies":[{"name":"wp","href":"https:\/\/api.w.org\/{rel}","templated":true}]}}