{"id":16308,"date":"2025-09-30T15:45:14","date_gmt":"2025-09-30T13:45:14","guid":{"rendered":"https:\/\/www2.mediclinics.com\/product\/dispensador-de-papel-higienico-industrial\/"},"modified":"2026-01-09T06:11:08","modified_gmt":"2026-01-09T05:11:08","slug":"dispensador-papel-higienico-industrial","status":"publish","type":"product","link":"https:\/\/www.mediclinics.com\/es-la\/dispensadores-papel-higienico\/papel-higienico-bobina\/dispensador-papel-higienico-industrial\/","title":{"rendered":"Dispensador de papel higi\u00e9nico industrial"},"content":{"rendered":"<p>Dispensador de papel higi\u00e9nico circular manual para adosar a la pared<\/p>\n<p>\u2022 Apto para rollo industrial. Admite rollos de papel de di\u00e1metro m\u00e1ximo 230 mm.<br \/>\n\u2022 Dise\u00f1o actual y de vanguardia, concebido para tener una larga vida \u00fatil y ser anti-vand\u00e1lico.<br \/>\n\u2022 Adecuado para lavabos de frecuencia de paso alta. Modelo apto para colectividades.<\/p>\n","protected":false},"excerpt":{"rendered":"<p>Dispensador de papel higi\u00e9nico circular manual, para adosar a la pared<\/p>\n","protected":false},"featured_media":16292,"comment_status":"closed","ping_status":"closed","template":"","meta":{"_acf_changed":false},"coleccion":[],"product_brand":[],"product_cat":[917,920],"product_tag":[921],"class_list":{"0":"post-16308","1":"product","2":"type-product","3":"status-publish","4":"has-post-thumbnail","6":"mercado-internacional","7":"product_cat-dispensadores-papel-higienico","8":"product_cat-papel-higienico-bobina","9":"product_tag-230mm","10":"mediclinics-boxed-content","12":"first","13":"instock","14":"product-type-variable"},"acf":[],"_links":{"self":[{"href":"https:\/\/www.mediclinics.com\/es-la\/wp-json\/wp\/v2\/product\/16308","targetHints":{"allow":["GET"]}}],"collection":[{"href":"https:\/\/www.mediclinics.com\/es-la\/wp-json\/wp\/v2\/product"}],"about":[{"href":"https:\/\/www.mediclinics.com\/es-la\/wp-json\/wp\/v2\/types\/product"}],"replies":[{"embeddable":true,"href":"https:\/\/www.mediclinics.com\/es-la\/wp-json\/wp\/v2\/comments?post=16308"}],"wp:featuredmedia":[{"embeddable":true,"href":"https:\/\/www.mediclinics.com\/es-la\/wp-json\/wp\/v2\/media\/16292"}],"wp:attachment":[{"href":"https:\/\/www.mediclinics.com\/es-la\/wp-json\/wp\/v2\/media?parent=16308"}],"wp:term":[{"taxonomy":"coleccion","embeddable":true,"href":"https:\/\/www.mediclinics.com\/es-la\/wp-json\/wp\/v2\/coleccion?post=16308"},{"taxonomy":"product_brand","embeddable":true,"href":"https:\/\/www.mediclinics.com\/es-la\/wp-json\/wp\/v2\/product_brand?post=16308"},{"taxonomy":"product_cat","embeddable":true,"href":"https:\/\/www.mediclinics.com\/es-la\/wp-json\/wp\/v2\/product_cat?post=16308"},{"taxonomy":"product_tag","embeddable":true,"href":"https:\/\/www.mediclinics.com\/es-la\/wp-json\/wp\/v2\/product_tag?post=16308"}],"curies":[{"name":"wp","href":"https:\/\/api.w.org\/{rel}","templated":true}]}}