{"id":16313,"date":"2025-09-30T15:45:23","date_gmt":"2025-09-30T13:45:23","guid":{"rendered":"https:\/\/www2.mediclinics.com\/product\/dispensador-de-papel-higienico-estandar-2\/"},"modified":"2026-01-09T06:11:08","modified_gmt":"2026-01-09T05:11:08","slug":"dispensador-papel-higienico-estandar-2","status":"publish","type":"product","link":"https:\/\/www.mediclinics.com\/es-la\/dispensadores-papel-higienico\/2-rollos\/dispensador-papel-higienico-estandar-2\/","title":{"rendered":"Dispensador de papel higi\u00e9nico estandar"},"content":{"rendered":"<p>Dispensador de papel higi\u00e9nico de doble rollo, para montar en pared.<\/p>\n<p>\u2022 Dise\u00f1o adecuado para una sencilla integraci\u00f3n en el ba\u00f1o y compatible con la l\u00ednea de accesorios de ba\u00f1o Mediclinics\u00ae.<br \/>\n\u2022 Cuerpo de 1 pieza.<br \/>\n\u2022 Modelo de elevada resistencia y durabilidad, anti vand\u00e1lico.<\/p>\n","protected":false},"excerpt":{"rendered":"<p>Dispensador de papel higi\u00e9nico de doble rollo<\/p>\n","protected":false},"featured_media":16318,"comment_status":"closed","ping_status":"closed","template":"","meta":{"_acf_changed":false},"coleccion":[],"product_brand":[],"product_cat":[917,922],"product_tag":[],"class_list":{"0":"post-16313","1":"product","2":"type-product","3":"status-publish","4":"has-post-thumbnail","6":"mercado-internacional","7":"product_cat-dispensadores-papel-higienico","8":"product_cat-2-rollos","9":"mediclinics-boxed-content","11":"first","12":"instock","13":"product-type-variable"},"acf":[],"_links":{"self":[{"href":"https:\/\/www.mediclinics.com\/es-la\/wp-json\/wp\/v2\/product\/16313","targetHints":{"allow":["GET"]}}],"collection":[{"href":"https:\/\/www.mediclinics.com\/es-la\/wp-json\/wp\/v2\/product"}],"about":[{"href":"https:\/\/www.mediclinics.com\/es-la\/wp-json\/wp\/v2\/types\/product"}],"replies":[{"embeddable":true,"href":"https:\/\/www.mediclinics.com\/es-la\/wp-json\/wp\/v2\/comments?post=16313"}],"wp:featuredmedia":[{"embeddable":true,"href":"https:\/\/www.mediclinics.com\/es-la\/wp-json\/wp\/v2\/media\/16318"}],"wp:attachment":[{"href":"https:\/\/www.mediclinics.com\/es-la\/wp-json\/wp\/v2\/media?parent=16313"}],"wp:term":[{"taxonomy":"coleccion","embeddable":true,"href":"https:\/\/www.mediclinics.com\/es-la\/wp-json\/wp\/v2\/coleccion?post=16313"},{"taxonomy":"product_brand","embeddable":true,"href":"https:\/\/www.mediclinics.com\/es-la\/wp-json\/wp\/v2\/product_brand?post=16313"},{"taxonomy":"product_cat","embeddable":true,"href":"https:\/\/www.mediclinics.com\/es-la\/wp-json\/wp\/v2\/product_cat?post=16313"},{"taxonomy":"product_tag","embeddable":true,"href":"https:\/\/www.mediclinics.com\/es-la\/wp-json\/wp\/v2\/product_tag?post=16313"}],"curies":[{"name":"wp","href":"https:\/\/api.w.org\/{rel}","templated":true}]}}