{"id":16327,"date":"2025-09-30T15:45:23","date_gmt":"2025-09-30T13:45:23","guid":{"rendered":"https:\/\/www2.mediclinics.com\/product\/dispensadores-de-papel-higienico-industrial\/"},"modified":"2026-01-09T06:11:08","modified_gmt":"2026-01-09T05:11:08","slug":"dispensadores-papel-higienico-industrial","status":"publish","type":"product","link":"https:\/\/www.mediclinics.com\/es-la\/dispensadores-papel-higienico\/papel-higienico-bobina\/dispensadores-papel-higienico-industrial\/","title":{"rendered":"Dispensadores de papel higi\u00e9nico industrial"},"content":{"rendered":"<p>Dispensador de papel higi\u00e9nico circular manual para rollo de papel industrial y para adosar a la pared. Admite rollos de papel de di\u00e1metro m\u00e1ximo 230 m.<\/p>\n<p>\u2022 Incorpora un sistema de freno anti-giro por inercia, para optimizar la dispensaci\u00f3n del papel.<br \/>\n\u2022 Dispone de un visor de nivel de contenido de papel en la parte frontal que permite visualizar en todo momento el nivel de papel disponible dentro del dispensador.<br \/>\n\u2022 Dispone de un sistema de apertura superior anti-vand\u00e1lico que se abre con una llave especial suministrada.<\/p>\n","protected":false},"excerpt":{"rendered":"<p>Dispensador manual circular para papel higi\u00e9nico industrial \u00d8230\u202fmm<\/p>\n","protected":false},"featured_media":16295,"comment_status":"closed","ping_status":"closed","template":"","meta":{"_acf_changed":false},"coleccion":[],"product_brand":[],"product_cat":[917,920],"product_tag":[921],"class_list":{"0":"post-16327","1":"product","2":"type-product","3":"status-publish","4":"has-post-thumbnail","6":"mercado-internacional","7":"product_cat-dispensadores-papel-higienico","8":"product_cat-papel-higienico-bobina","9":"product_tag-230mm","10":"mediclinics-boxed-content","12":"first","13":"instock","14":"product-type-variable"},"acf":[],"_links":{"self":[{"href":"https:\/\/www.mediclinics.com\/es-la\/wp-json\/wp\/v2\/product\/16327","targetHints":{"allow":["GET"]}}],"collection":[{"href":"https:\/\/www.mediclinics.com\/es-la\/wp-json\/wp\/v2\/product"}],"about":[{"href":"https:\/\/www.mediclinics.com\/es-la\/wp-json\/wp\/v2\/types\/product"}],"replies":[{"embeddable":true,"href":"https:\/\/www.mediclinics.com\/es-la\/wp-json\/wp\/v2\/comments?post=16327"}],"wp:featuredmedia":[{"embeddable":true,"href":"https:\/\/www.mediclinics.com\/es-la\/wp-json\/wp\/v2\/media\/16295"}],"wp:attachment":[{"href":"https:\/\/www.mediclinics.com\/es-la\/wp-json\/wp\/v2\/media?parent=16327"}],"wp:term":[{"taxonomy":"coleccion","embeddable":true,"href":"https:\/\/www.mediclinics.com\/es-la\/wp-json\/wp\/v2\/coleccion?post=16327"},{"taxonomy":"product_brand","embeddable":true,"href":"https:\/\/www.mediclinics.com\/es-la\/wp-json\/wp\/v2\/product_brand?post=16327"},{"taxonomy":"product_cat","embeddable":true,"href":"https:\/\/www.mediclinics.com\/es-la\/wp-json\/wp\/v2\/product_cat?post=16327"},{"taxonomy":"product_tag","embeddable":true,"href":"https:\/\/www.mediclinics.com\/es-la\/wp-json\/wp\/v2\/product_tag?post=16327"}],"curies":[{"name":"wp","href":"https:\/\/api.w.org\/{rel}","templated":true}]}}