{"id":16339,"date":"2025-09-30T15:45:32","date_gmt":"2025-09-30T13:45:32","guid":{"rendered":"https:\/\/www2.mediclinics.com\/product\/dispensador-de-bolsas-higienicas\/"},"modified":"2026-01-13T12:32:34","modified_gmt":"2026-01-13T11:32:34","slug":"dispensador-bolsas-higienicas-pared","status":"publish","type":"product","link":"https:\/\/www.mediclinics.com\/es-la\/dispensadores-papel-higienico\/dispensador-bolsas-higienicas\/dispensador-bolsas-higienicas-pared\/","title":{"rendered":"Dispensador de bolsas higi\u00e9nicas"},"content":{"rendered":"<p>Dispensador de bolsas higi\u00e9nicas para adosar en pared, dise\u00f1ado y fabricado por Mediclinics.<\/p>\n<p>\u2022 M\u00e9todo de eliminaci\u00f3n sanitaria discreto y c\u00f3modo.<br \/>\n\u2022 Dise\u00f1o robusto, compacto y anti-vand\u00e1lico.<\/p>\n","protected":false},"excerpt":{"rendered":"<p>Dispensador de bolsas higi\u00e9nicas pared<\/p>\n","protected":false},"featured_media":16340,"comment_status":"closed","ping_status":"closed","template":"","meta":{"_acf_changed":false},"coleccion":[],"product_brand":[],"product_cat":[917,923],"product_tag":[],"class_list":{"0":"post-16339","1":"product","2":"type-product","3":"status-publish","4":"has-post-thumbnail","6":"mercado-internacional","7":"product_cat-dispensadores-papel-higienico","8":"product_cat-dispensador-bolsas-higienicas","9":"mediclinics-boxed-content","11":"first","12":"instock","13":"product-type-variable"},"acf":[],"_links":{"self":[{"href":"https:\/\/www.mediclinics.com\/es-la\/wp-json\/wp\/v2\/product\/16339","targetHints":{"allow":["GET"]}}],"collection":[{"href":"https:\/\/www.mediclinics.com\/es-la\/wp-json\/wp\/v2\/product"}],"about":[{"href":"https:\/\/www.mediclinics.com\/es-la\/wp-json\/wp\/v2\/types\/product"}],"replies":[{"embeddable":true,"href":"https:\/\/www.mediclinics.com\/es-la\/wp-json\/wp\/v2\/comments?post=16339"}],"wp:featuredmedia":[{"embeddable":true,"href":"https:\/\/www.mediclinics.com\/es-la\/wp-json\/wp\/v2\/media\/16340"}],"wp:attachment":[{"href":"https:\/\/www.mediclinics.com\/es-la\/wp-json\/wp\/v2\/media?parent=16339"}],"wp:term":[{"taxonomy":"coleccion","embeddable":true,"href":"https:\/\/www.mediclinics.com\/es-la\/wp-json\/wp\/v2\/coleccion?post=16339"},{"taxonomy":"product_brand","embeddable":true,"href":"https:\/\/www.mediclinics.com\/es-la\/wp-json\/wp\/v2\/product_brand?post=16339"},{"taxonomy":"product_cat","embeddable":true,"href":"https:\/\/www.mediclinics.com\/es-la\/wp-json\/wp\/v2\/product_cat?post=16339"},{"taxonomy":"product_tag","embeddable":true,"href":"https:\/\/www.mediclinics.com\/es-la\/wp-json\/wp\/v2\/product_tag?post=16339"}],"curies":[{"name":"wp","href":"https:\/\/api.w.org\/{rel}","templated":true}]}}