{"id":16370,"date":"2025-09-30T17:23:48","date_gmt":"2025-09-30T15:23:48","guid":{"rendered":"https:\/\/www2.mediclinics.com\/product\/dispensador-de-papel-toalla-bobina\/"},"modified":"2026-01-09T06:11:09","modified_gmt":"2026-01-09T05:11:09","slug":"dispensador-papel-toalla-bobina","status":"publish","type":"product","link":"https:\/\/www.mediclinics.com\/es-la\/dispensadores-papel-toalla\/bobina\/dispensador-papel-toalla-bobina\/","title":{"rendered":"Dispensador de papel toalla bobina"},"content":{"rendered":"<p>Dispensador de papel bobina manual, para adosar directamente a la pared.<\/p>\n<p>\u2022Admite rollos de papel de los formatos m\u00e1s habituales de di\u00e1metro m\u00e1ximo 270 mm.<br \/>\n\u2022 De dise\u00f1o robusto, compacto y anti-vand\u00e1lico.<br \/>\n\u2022 Incorpora un freno para optimizar la dispensaci\u00f3n papel.<br \/>\n\u2022 Dispone de un sistema de apertura superior anti-vand\u00e1lico que se abre con una llave especial suministrada.<\/p>\n","protected":false},"excerpt":{"rendered":"<p>Dispensador de papel bobina manual<\/p>\n","protected":false},"featured_media":16371,"comment_status":"closed","ping_status":"closed","template":"","meta":{"_acf_changed":false},"coleccion":[],"product_brand":[],"product_cat":[925,926],"product_tag":[],"class_list":{"0":"post-16370","1":"product","2":"type-product","3":"status-publish","4":"has-post-thumbnail","6":"mercado-internacional","7":"product_cat-dispensadores-papel-toalla","8":"product_cat-bobina","9":"mediclinics-boxed-content","11":"first","12":"instock","13":"product-type-variable"},"acf":[],"_links":{"self":[{"href":"https:\/\/www.mediclinics.com\/es-la\/wp-json\/wp\/v2\/product\/16370","targetHints":{"allow":["GET"]}}],"collection":[{"href":"https:\/\/www.mediclinics.com\/es-la\/wp-json\/wp\/v2\/product"}],"about":[{"href":"https:\/\/www.mediclinics.com\/es-la\/wp-json\/wp\/v2\/types\/product"}],"replies":[{"embeddable":true,"href":"https:\/\/www.mediclinics.com\/es-la\/wp-json\/wp\/v2\/comments?post=16370"}],"wp:featuredmedia":[{"embeddable":true,"href":"https:\/\/www.mediclinics.com\/es-la\/wp-json\/wp\/v2\/media\/16371"}],"wp:attachment":[{"href":"https:\/\/www.mediclinics.com\/es-la\/wp-json\/wp\/v2\/media?parent=16370"}],"wp:term":[{"taxonomy":"coleccion","embeddable":true,"href":"https:\/\/www.mediclinics.com\/es-la\/wp-json\/wp\/v2\/coleccion?post=16370"},{"taxonomy":"product_brand","embeddable":true,"href":"https:\/\/www.mediclinics.com\/es-la\/wp-json\/wp\/v2\/product_brand?post=16370"},{"taxonomy":"product_cat","embeddable":true,"href":"https:\/\/www.mediclinics.com\/es-la\/wp-json\/wp\/v2\/product_cat?post=16370"},{"taxonomy":"product_tag","embeddable":true,"href":"https:\/\/www.mediclinics.com\/es-la\/wp-json\/wp\/v2\/product_tag?post=16370"}],"curies":[{"name":"wp","href":"https:\/\/api.w.org\/{rel}","templated":true}]}}