{"id":16420,"date":"2025-10-15T14:30:22","date_gmt":"2025-10-15T12:30:22","guid":{"rendered":"https:\/\/www2.mediclinics.com\/product\/papelera-con-tapa-autoretorno-de-65l\/"},"modified":"2026-01-09T06:11:11","modified_gmt":"2026-01-09T05:11:11","slug":"papelera-tapa-autoretorno-65l","status":"publish","type":"product","link":"https:\/\/www.mediclinics.com\/es-la\/papeleras-contenedores\/papeleras\/papelera-tapa-autoretorno-65l\/","title":{"rendered":"Papelera con tapa autoretorno de 65L"},"content":{"rendered":"<p>Papelera rectangular con cabezal con tapa auto-retorno de accionamiento manual.<\/p>\n<p>\u2022 Puede apoyarse directamente sobre el suelo o adosarse a la pared.<br \/>\n\u2022 Adecuada para lavabos y \u00e1reas p\u00fablicas interiores de tr\u00e1fico muy alto.<br \/>\n\u2022 Sistema de sujeci\u00f3n para fijar la bolsa de residuos en el interior.<br \/>\n\u2022 4 tacos de goma cil\u00edndricos en la base que a\u00edslan el fondo de la papelera de la humedad.<\/p>\n","protected":false},"excerpt":{"rendered":"<p>Papelera rectangular con cabezal con tapa auto-retorno<\/p>\n","protected":false},"featured_media":16422,"comment_status":"closed","ping_status":"closed","template":"","meta":{"_acf_changed":false},"coleccion":[],"product_brand":[],"product_cat":[931,932],"product_tag":[933],"class_list":{"0":"post-16420","1":"product","2":"type-product","3":"status-publish","4":"has-post-thumbnail","6":"mercado-internacional","7":"product_cat-papeleras-contenedores","8":"product_cat-papeleras","9":"product_tag-65-80l","10":"mediclinics-boxed-content","12":"first","13":"instock","14":"product-type-variable"},"acf":[],"_links":{"self":[{"href":"https:\/\/www.mediclinics.com\/es-la\/wp-json\/wp\/v2\/product\/16420","targetHints":{"allow":["GET"]}}],"collection":[{"href":"https:\/\/www.mediclinics.com\/es-la\/wp-json\/wp\/v2\/product"}],"about":[{"href":"https:\/\/www.mediclinics.com\/es-la\/wp-json\/wp\/v2\/types\/product"}],"replies":[{"embeddable":true,"href":"https:\/\/www.mediclinics.com\/es-la\/wp-json\/wp\/v2\/comments?post=16420"}],"wp:featuredmedia":[{"embeddable":true,"href":"https:\/\/www.mediclinics.com\/es-la\/wp-json\/wp\/v2\/media\/16422"}],"wp:attachment":[{"href":"https:\/\/www.mediclinics.com\/es-la\/wp-json\/wp\/v2\/media?parent=16420"}],"wp:term":[{"taxonomy":"coleccion","embeddable":true,"href":"https:\/\/www.mediclinics.com\/es-la\/wp-json\/wp\/v2\/coleccion?post=16420"},{"taxonomy":"product_brand","embeddable":true,"href":"https:\/\/www.mediclinics.com\/es-la\/wp-json\/wp\/v2\/product_brand?post=16420"},{"taxonomy":"product_cat","embeddable":true,"href":"https:\/\/www.mediclinics.com\/es-la\/wp-json\/wp\/v2\/product_cat?post=16420"},{"taxonomy":"product_tag","embeddable":true,"href":"https:\/\/www.mediclinics.com\/es-la\/wp-json\/wp\/v2\/product_tag?post=16420"}],"curies":[{"name":"wp","href":"https:\/\/api.w.org\/{rel}","templated":true}]}}