{"id":16451,"date":"2025-10-15T14:30:31","date_gmt":"2025-10-15T12:30:31","guid":{"rendered":"https:\/\/www2.mediclinics.com\/product\/papelera-con-tapa-autoretorno-de-50l\/"},"modified":"2026-01-09T06:11:12","modified_gmt":"2026-01-09T05:11:12","slug":"papelera-tapa-autoretorno-50l","status":"publish","type":"product","link":"https:\/\/www.mediclinics.com\/es-la\/papeleras-contenedores\/papeleras\/papelera-tapa-autoretorno-50l\/","title":{"rendered":"Papelera con tapa autoretorno de 50L"},"content":{"rendered":"<p>Papeleras rectangulares con cabezal con tapa auto-retorno, de 50 L de capacidad y de accionamiento manual.<\/p>\n<p>\u2022 Pueden apoyarse directamente sobre el suelo o adosarse a la pared.<br \/>\n\u2022 Adecuadas para lavabos y \u00e1reas p\u00fablicas interiores de tr\u00e1fico alto. Modelos aptos para colectividades.<br \/>\n\u2022 Sistema anti-humedad incorporado en la base de las papeleras que las a\u00edsla de la humedad del suelo.<\/p>\n","protected":false},"excerpt":{"rendered":"<p>Papelera rectangular con cabezal con tapa auto-retorno, de accionamiento manual<\/p>\n","protected":false},"featured_media":16452,"comment_status":"closed","ping_status":"closed","template":"","meta":{"_acf_changed":false},"coleccion":[],"product_brand":[],"product_cat":[931,932],"product_tag":[934],"class_list":{"0":"post-16451","1":"product","2":"type-product","3":"status-publish","4":"has-post-thumbnail","6":"mercado-internacional","7":"product_cat-papeleras-contenedores","8":"product_cat-papeleras","9":"product_tag-25-50l","10":"mediclinics-boxed-content","12":"first","13":"instock","14":"product-type-variable"},"acf":[],"_links":{"self":[{"href":"https:\/\/www.mediclinics.com\/es-la\/wp-json\/wp\/v2\/product\/16451","targetHints":{"allow":["GET"]}}],"collection":[{"href":"https:\/\/www.mediclinics.com\/es-la\/wp-json\/wp\/v2\/product"}],"about":[{"href":"https:\/\/www.mediclinics.com\/es-la\/wp-json\/wp\/v2\/types\/product"}],"replies":[{"embeddable":true,"href":"https:\/\/www.mediclinics.com\/es-la\/wp-json\/wp\/v2\/comments?post=16451"}],"wp:featuredmedia":[{"embeddable":true,"href":"https:\/\/www.mediclinics.com\/es-la\/wp-json\/wp\/v2\/media\/16452"}],"wp:attachment":[{"href":"https:\/\/www.mediclinics.com\/es-la\/wp-json\/wp\/v2\/media?parent=16451"}],"wp:term":[{"taxonomy":"coleccion","embeddable":true,"href":"https:\/\/www.mediclinics.com\/es-la\/wp-json\/wp\/v2\/coleccion?post=16451"},{"taxonomy":"product_brand","embeddable":true,"href":"https:\/\/www.mediclinics.com\/es-la\/wp-json\/wp\/v2\/product_brand?post=16451"},{"taxonomy":"product_cat","embeddable":true,"href":"https:\/\/www.mediclinics.com\/es-la\/wp-json\/wp\/v2\/product_cat?post=16451"},{"taxonomy":"product_tag","embeddable":true,"href":"https:\/\/www.mediclinics.com\/es-la\/wp-json\/wp\/v2\/product_tag?post=16451"}],"curies":[{"name":"wp","href":"https:\/\/api.w.org\/{rel}","templated":true}]}}