{"id":16544,"date":"2025-10-15T14:31:02","date_gmt":"2025-10-15T12:31:02","guid":{"rendered":"https:\/\/www2.mediclinics.com\/product\/cubo-a-pedal-circular-de-12l\/"},"modified":"2026-03-03T14:15:53","modified_gmt":"2026-03-03T13:15:53","slug":"cubo-pedal-circular-12l","status":"publish","type":"product","link":"https:\/\/www.mediclinics.com\/es-la\/papeleras-contenedores\/cubos-pedal\/cubo-pedal-circular-12l\/","title":{"rendered":"Cubo a pedal circular de 12L"},"content":{"rendered":"<p>Cubos sanitarios circulares para interior, de 12L de capacidad, para apoyarse directamente en el suelo.<\/p>\n<p>\u2022 Fabricados con acero inoxidable AISI 410, accionados mediante pedal.<br \/>\n\u2022 Provistos de un sistema de cierre suave que hace que la tapa se cierre suave y silenciosamente.<br \/>\n\u2022 Cierre a prueba de olores y funcionamiento del pedal ligero.<br \/>\n\u2022 Asa en la parte trasera para poder mover el cubo c\u00f3modamente.<br \/>\n\u2022 F\u00e1cil de vaciar y limpiar gracias a su cubo interior de pl\u00e1stico extra\u00edble.<\/p>\n","protected":false},"excerpt":{"rendered":"<p>Cubo sanitario circular para interior, accionado mediante pedal, fabricado con acero inoxidable AISI 410<\/p>\n","protected":false},"featured_media":16546,"comment_status":"closed","ping_status":"closed","template":"","meta":{"_acf_changed":false},"coleccion":[],"product_brand":[],"product_cat":[931,937],"product_tag":[938],"class_list":{"0":"post-16544","1":"product","2":"type-product","3":"status-publish","4":"has-post-thumbnail","6":"mercado-internacional","7":"product_cat-papeleras-contenedores","8":"product_cat-cubos-pedal","9":"product_tag-circular","10":"mediclinics-boxed-content","12":"first","13":"instock","14":"product-type-variable"},"acf":[],"_links":{"self":[{"href":"https:\/\/www.mediclinics.com\/es-la\/wp-json\/wp\/v2\/product\/16544","targetHints":{"allow":["GET"]}}],"collection":[{"href":"https:\/\/www.mediclinics.com\/es-la\/wp-json\/wp\/v2\/product"}],"about":[{"href":"https:\/\/www.mediclinics.com\/es-la\/wp-json\/wp\/v2\/types\/product"}],"replies":[{"embeddable":true,"href":"https:\/\/www.mediclinics.com\/es-la\/wp-json\/wp\/v2\/comments?post=16544"}],"wp:featuredmedia":[{"embeddable":true,"href":"https:\/\/www.mediclinics.com\/es-la\/wp-json\/wp\/v2\/media\/16546"}],"wp:attachment":[{"href":"https:\/\/www.mediclinics.com\/es-la\/wp-json\/wp\/v2\/media?parent=16544"}],"wp:term":[{"taxonomy":"coleccion","embeddable":true,"href":"https:\/\/www.mediclinics.com\/es-la\/wp-json\/wp\/v2\/coleccion?post=16544"},{"taxonomy":"product_brand","embeddable":true,"href":"https:\/\/www.mediclinics.com\/es-la\/wp-json\/wp\/v2\/product_brand?post=16544"},{"taxonomy":"product_cat","embeddable":true,"href":"https:\/\/www.mediclinics.com\/es-la\/wp-json\/wp\/v2\/product_cat?post=16544"},{"taxonomy":"product_tag","embeddable":true,"href":"https:\/\/www.mediclinics.com\/es-la\/wp-json\/wp\/v2\/product_tag?post=16544"}],"curies":[{"name":"wp","href":"https:\/\/api.w.org\/{rel}","templated":true}]}}